{"id":537,"date":"2021-07-30T09:33:25","date_gmt":"2021-07-30T09:33:25","guid":{"rendered":"https:\/\/www.happygirona.com\/comida-casera-para-llevar-en-salt\/"},"modified":"2021-07-30T09:36:17","modified_gmt":"2021-07-30T09:36:17","slug":"comida-casera-para-llevar-en-salt","status":"publish","type":"page","link":"https:\/\/www.happygirona.com\/es\/comida-casera-para-llevar-en-salt\/","title":{"rendered":"Comida casera para llevar en Salt"},"content":{"rendered":"\n<style type=\"text\/css\" data-created_by=\"avia_inline_auto\" id=\"style-css-av-av_heading-c9ee52e10145d1cea9858e8d241c00f9\">\n#top .av-special-heading.av-av_heading-c9ee52e10145d1cea9858e8d241c00f9{\npadding-bottom:10px;\n}\nbody .av-special-heading.av-av_heading-c9ee52e10145d1cea9858e8d241c00f9 .av-special-heading-tag .heading-char{\nfont-size:25px;\n}\n.av-special-heading.av-av_heading-c9ee52e10145d1cea9858e8d241c00f9 .av-subheading{\nfont-size:15px;\n}\n<\/style>\n<div  class='av-special-heading av-av_heading-c9ee52e10145d1cea9858e8d241c00f9 av-special-heading-h1'><h1 class='av-special-heading-tag '  itemprop=\"headline\"  >Comida casera para llevar en Salt<\/h1><div class=\"special-heading-border\"><div class=\"special-heading-inner-border\"><\/div><\/div><\/div>\n\n<style type=\"text\/css\" data-created_by=\"avia_inline_auto\" id=\"style-css-av-av_two_third-15d750bd1b332b34c6e70b077ebbccdf\">\n.flex_column.av-av_two_third-15d750bd1b332b34c6e70b077ebbccdf{\nborder-radius:0px 0px 0px 0px;\npadding:0px 0px 0px 0px;\n}\n<\/style>\n<div  class='flex_column av-av_two_third-15d750bd1b332b34c6e70b077ebbccdf av_two_third  avia-builder-el-0  el_before_av_one_third  avia-builder-el-first  first flex_column_div av-zero-column-padding  '     ><section  class='av_textblock_section av-av_textblock-2de302bf1aa3cf4c9157dbe6f50ac7eb '   itemscope=\"itemscope\" itemtype=\"https:\/\/schema.org\/CreativeWork\" ><div class='avia_textblock'  itemprop=\"text\" ><p>\u00bfQuieres disfrutar de una aut\u00e9ntica comida casera preparada con los ingredientes m\u00e1s frescos y de mejor calidad?<\/p>\n<p>Nos especializamos en la preparaci\u00f3n de todo tipo de comidas para llevar, nuestra trayectoria de m\u00e1s de 20 a\u00f1os nos permite ofrecer un men\u00fa muy variado que incluye platos muy nutritivos y sabrosos elaborados por manos expertas con ingredientes frescos y de primera calidad.<\/p>\n<\/div><\/section><\/div>\n\n<style type=\"text\/css\" data-created_by=\"avia_inline_auto\" id=\"style-css-av-av_one_third-c8fc129dc35fd1ae2a1e410224d39ea8\">\n.flex_column.av-av_one_third-c8fc129dc35fd1ae2a1e410224d39ea8{\nborder-radius:0px 0px 0px 0px;\npadding:0px 0px 0px 0px;\n}\n<\/style>\n<div  class='flex_column av-av_one_third-c8fc129dc35fd1ae2a1e410224d39ea8 av_one_third  avia-builder-el-2  el_after_av_two_third  el_before_av_one_full  flex_column_div av-zero-column-padding  '     ><style type=\"text\/css\" data-created_by=\"avia_inline_auto\" id=\"style-css-av-av_image-9e370022d67f8b8758deec5623bd263e\">\n.avia-image-container.av-av_image-9e370022d67f8b8758deec5623bd263e img.avia_image{\nbox-shadow:none;\n}\n.avia-image-container.av-av_image-9e370022d67f8b8758deec5623bd263e .av-image-caption-overlay-center{\ncolor:#ffffff;\n}\n<\/style>\n<div  class='avia-image-container av-av_image-9e370022d67f8b8758deec5623bd263e av-styling- avia-align-center  avia-builder-el-3  avia-builder-el-no-sibling '   itemprop=\"image\" itemscope=\"itemscope\" itemtype=\"https:\/\/schema.org\/ImageObject\" ><div class=\"avia-image-container-inner\"><div class=\"avia-image-overlay-wrap\"><img fetchpriority=\"high\" class='wp-image-434 avia-img-lazy-loading-not-434 avia_image ' src='https:\/\/www.happygirona.com\/wp-content\/uploads\/2021\/04\/DSCF0048-495x400.jpg' alt='' title=''  height=\"400\" width=\"495\"  itemprop=\"thumbnailUrl\"  \/><\/div><\/div><\/div><\/div>\n\n<style type=\"text\/css\" data-created_by=\"avia_inline_auto\" id=\"style-css-av-av_one_full-15d750bd1b332b34c6e70b077ebbccdf\">\n.flex_column.av-av_one_full-15d750bd1b332b34c6e70b077ebbccdf{\nborder-radius:0px 0px 0px 0px;\npadding:0px 0px 0px 0px;\n}\n<\/style>\n<div  class='flex_column av-av_one_full-15d750bd1b332b34c6e70b077ebbccdf av_one_full  avia-builder-el-4  el_after_av_one_third  el_before_av_one_third  first flex_column_div av-zero-column-padding  column-top-margin'     ><section  class='av_textblock_section av-av_textblock-2de302bf1aa3cf4c9157dbe6f50ac7eb '   itemscope=\"itemscope\" itemtype=\"https:\/\/schema.org\/CreativeWork\" ><div class='avia_textblock'  itemprop=\"text\" ><p>En nuestros locales situados en la ciudad de Girona en Rda. Ferran Puig 21 y en C. Creu 35, puedes disfrutar de una gran variedad de platos incluidos en nuestro variado men\u00fa diario, entre los cuales destacan:<\/p>\n<ul>\n<li>Ensaladas: rusa, verde, de patatas, de alcachofas, de tomates y empedrado.<\/li>\n<li>Especial Happy: croquetas de pollo caseras, calamares rellenos, bacalao a la muselina de ajos, caracoles en salsa, esqueixada de bacalao y sepia con guisantes.<\/li>\n<li>Carnes: el mejor pollo asado de Girona, as\u00ed como una gran variedad de platos de carne de ave, vacuno, conejo y cerdo.<\/li>\n<li>Pasta y arroces: una interesante variedad que incluye arroces, paellas y fideu\u00e1, as\u00ed como canelones, tallarines, espaguetis y macarrones preparados con exquisitas salsas.<\/li>\n<li>Pescados: bacalao con pisto, lubina con gambas, cr\u00eape de marisco, rape a la marinera, rape a la almendra, merluza con verduras, almejas a la marinera, pudding de cabracho y el exquisito suquet de pescado.<\/li>\n<li>Una exquisita variedad de platos de entrantes, verduras y legumbres.<\/li>\n<\/ul>\n<\/div><\/section><\/div>\n\n<style type=\"text\/css\" data-created_by=\"avia_inline_auto\" id=\"style-css-av-av_one_third-15d750bd1b332b34c6e70b077ebbccdf\">\n.flex_column.av-av_one_third-15d750bd1b332b34c6e70b077ebbccdf{\nborder-radius:0px 0px 0px 0px;\npadding:0px 0px 0px 0px;\n}\n<\/style>\n<div  class='flex_column av-av_one_third-15d750bd1b332b34c6e70b077ebbccdf av_one_third  avia-builder-el-6  el_after_av_one_full  el_before_av_two_third  first flex_column_div av-zero-column-padding  column-top-margin'     ><style type=\"text\/css\" data-created_by=\"avia_inline_auto\" id=\"style-css-av-av_image-1726fb7c59fe29338bc97761658075bd\">\n.avia-image-container.av-av_image-1726fb7c59fe29338bc97761658075bd img.avia_image{\nbox-shadow:none;\n}\n.avia-image-container.av-av_image-1726fb7c59fe29338bc97761658075bd .av-image-caption-overlay-center{\ncolor:#ffffff;\n}\n<\/style>\n<div  class='avia-image-container av-av_image-1726fb7c59fe29338bc97761658075bd av-styling- avia-align-center  avia-builder-el-7  avia-builder-el-no-sibling '   itemprop=\"image\" itemscope=\"itemscope\" itemtype=\"https:\/\/schema.org\/ImageObject\" ><div class=\"avia-image-container-inner\"><div class=\"avia-image-overlay-wrap\"><img fetchpriority=\"high\" class='wp-image-435 avia-img-lazy-loading-not-435 avia_image ' src='https:\/\/www.happygirona.com\/wp-content\/uploads\/2021\/04\/843011_203902779756431_868054218_o-495x400.jpg' alt='' title=''  height=\"400\" width=\"495\"  itemprop=\"thumbnailUrl\"  \/><\/div><\/div><\/div><\/div>\n\n<style type=\"text\/css\" data-created_by=\"avia_inline_auto\" id=\"style-css-av-av_two_third-c8fc129dc35fd1ae2a1e410224d39ea8\">\n.flex_column.av-av_two_third-c8fc129dc35fd1ae2a1e410224d39ea8{\nborder-radius:0px 0px 0px 0px;\npadding:0px 0px 0px 0px;\n}\n<\/style>\n<div  class='flex_column av-av_two_third-c8fc129dc35fd1ae2a1e410224d39ea8 av_two_third  avia-builder-el-8  el_after_av_one_third  avia-builder-el-last  flex_column_div av-zero-column-padding  column-top-margin'     ><section  class='av_textblock_section av-av_textblock-2de302bf1aa3cf4c9157dbe6f50ac7eb '   itemscope=\"itemscope\" itemtype=\"https:\/\/schema.org\/CreativeWork\" ><div class='avia_textblock'  itemprop=\"text\" ><p>Ofrecemos tambi\u00e9n el servicio especializado de catering en toda Girona, que te brinda el men\u00fa que deseas para cualquier acontecimiento como boda, reuniones familiares, de trabajo, despedidas de solteros\/as, nuestros platos son realmente deliciosos y con calidad garantizada. Contamos con todos los adelantos tecnol\u00f3gicos y el personal especializado para garantizar un servicio de primera calidad.<\/p>\n<\/div><\/section><\/div>\n","protected":false},"excerpt":{"rendered":"","protected":false},"author":1,"featured_media":433,"parent":0,"menu_order":0,"comment_status":"closed","ping_status":"closed","template":"","meta":{"footnotes":""},"class_list":["post-537","page","type-page","status-publish","has-post-thumbnail","hentry"],"yoast_head":"<!-- This site is optimized with the Yoast SEO plugin v27.2 - https:\/\/yoast.com\/product\/yoast-seo-wordpress\/ -->\n<title>Comida casera para llevar en Salt &#8226; Rostisseria Happy<\/title>\n<meta name=\"description\" content=\"Disfruta de la mejor comida para llevar en Salt (GIRONA). Cocina casera preparada el mismo d\u00eda para llevar.\" \/>\n<meta name=\"robots\" content=\"index, follow, max-snippet:-1, max-image-preview:large, max-video-preview:-1\" \/>\n<link rel=\"canonical\" href=\"https:\/\/www.happygirona.com\/es\/comida-casera-para-llevar-en-salt\/\" \/>\n<meta property=\"og:locale\" content=\"es_ES\" \/>\n<meta property=\"og:type\" content=\"article\" \/>\n<meta property=\"og:title\" content=\"Comida casera para llevar en Salt &#8226; Rostisseria Happy\" \/>\n<meta property=\"og:description\" content=\"Disfruta de la mejor comida para llevar en Salt (GIRONA). Cocina casera preparada el mismo d\u00eda para llevar.\" \/>\n<meta property=\"og:url\" content=\"https:\/\/www.happygirona.com\/es\/comida-casera-para-llevar-en-salt\/\" \/>\n<meta property=\"og:site_name\" content=\"Rostisseria Happy\" \/>\n<meta property=\"article:modified_time\" content=\"2021-07-30T09:36:17+00:00\" \/>\n<meta property=\"og:image\" content=\"https:\/\/www.happygirona.com\/wp-content\/uploads\/2021\/04\/logo.png\" \/>\n\t<meta property=\"og:image:width\" content=\"500\" \/>\n\t<meta property=\"og:image:height\" content=\"500\" \/>\n\t<meta property=\"og:image:type\" content=\"image\/png\" \/>\n<meta name=\"twitter:card\" content=\"summary_large_image\" \/>\n<meta name=\"twitter:label1\" content=\"Tiempo de lectura\" \/>\n\t<meta name=\"twitter:data1\" content=\"4 minutos\" \/>\n<script type=\"application\/ld+json\" class=\"yoast-schema-graph\">{\"@context\":\"https:\/\/schema.org\",\"@graph\":[{\"@type\":\"WebPage\",\"@id\":\"https:\/\/www.happygirona.com\/es\/comida-casera-para-llevar-en-salt\/\",\"url\":\"https:\/\/www.happygirona.com\/es\/comida-casera-para-llevar-en-salt\/\",\"name\":\"Comida casera para llevar en Salt &#8226; Rostisseria Happy\",\"isPartOf\":{\"@id\":\"https:\/\/www.happygirona.com\/es\/#website\"},\"primaryImageOfPage\":{\"@id\":\"https:\/\/www.happygirona.com\/es\/comida-casera-para-llevar-en-salt\/#primaryimage\"},\"image\":{\"@id\":\"https:\/\/www.happygirona.com\/es\/comida-casera-para-llevar-en-salt\/#primaryimage\"},\"thumbnailUrl\":\"https:\/\/www.happygirona.com\/wp-content\/uploads\/2021\/04\/logo.png\",\"datePublished\":\"2021-07-30T09:33:25+00:00\",\"dateModified\":\"2021-07-30T09:36:17+00:00\",\"description\":\"Disfruta de la mejor comida para llevar en Salt (GIRONA). Cocina casera preparada el mismo d\u00eda para llevar.\",\"breadcrumb\":{\"@id\":\"https:\/\/www.happygirona.com\/es\/comida-casera-para-llevar-en-salt\/#breadcrumb\"},\"inLanguage\":\"es\",\"potentialAction\":[{\"@type\":\"ReadAction\",\"target\":[\"https:\/\/www.happygirona.com\/es\/comida-casera-para-llevar-en-salt\/\"]}]},{\"@type\":\"ImageObject\",\"inLanguage\":\"es\",\"@id\":\"https:\/\/www.happygirona.com\/es\/comida-casera-para-llevar-en-salt\/#primaryimage\",\"url\":\"https:\/\/www.happygirona.com\/wp-content\/uploads\/2021\/04\/logo.png\",\"contentUrl\":\"https:\/\/www.happygirona.com\/wp-content\/uploads\/2021\/04\/logo.png\",\"width\":500,\"height\":500},{\"@type\":\"BreadcrumbList\",\"@id\":\"https:\/\/www.happygirona.com\/es\/comida-casera-para-llevar-en-salt\/#breadcrumb\",\"itemListElement\":[{\"@type\":\"ListItem\",\"position\":1,\"name\":\"Portada\",\"item\":\"https:\/\/www.happygirona.com\/es\/\"},{\"@type\":\"ListItem\",\"position\":2,\"name\":\"Comida casera para llevar en Salt\"}]},{\"@type\":\"WebSite\",\"@id\":\"https:\/\/www.happygirona.com\/es\/#website\",\"url\":\"https:\/\/www.happygirona.com\/es\/\",\"name\":\"Rostisseria Happy\",\"description\":\"Comida para llevar en Girona\",\"publisher\":{\"@id\":\"https:\/\/www.happygirona.com\/es\/#organization\"},\"potentialAction\":[{\"@type\":\"SearchAction\",\"target\":{\"@type\":\"EntryPoint\",\"urlTemplate\":\"https:\/\/www.happygirona.com\/es\/?s={search_term_string}\"},\"query-input\":{\"@type\":\"PropertyValueSpecification\",\"valueRequired\":true,\"valueName\":\"search_term_string\"}}],\"inLanguage\":\"es\"},{\"@type\":\"Organization\",\"@id\":\"https:\/\/www.happygirona.com\/es\/#organization\",\"name\":\"Happy Girona\",\"url\":\"https:\/\/www.happygirona.com\/es\/\",\"logo\":{\"@type\":\"ImageObject\",\"inLanguage\":\"es\",\"@id\":\"https:\/\/www.happygirona.com\/es\/#\/schema\/logo\/image\/\",\"url\":\"https:\/\/www.happygirona.com\/wp-content\/uploads\/2021\/04\/logo.png\",\"contentUrl\":\"https:\/\/www.happygirona.com\/wp-content\/uploads\/2021\/04\/logo.png\",\"width\":500,\"height\":500,\"caption\":\"Happy Girona\"},\"image\":{\"@id\":\"https:\/\/www.happygirona.com\/es\/#\/schema\/logo\/image\/\"}}]}<\/script>\n<!-- \/ Yoast SEO plugin. -->","yoast_head_json":{"title":"Comida casera para llevar en Salt &#8226; Rostisseria Happy","description":"Disfruta de la mejor comida para llevar en Salt (GIRONA). Cocina casera preparada el mismo d\u00eda para llevar.","robots":{"index":"index","follow":"follow","max-snippet":"max-snippet:-1","max-image-preview":"max-image-preview:large","max-video-preview":"max-video-preview:-1"},"canonical":"https:\/\/www.happygirona.com\/es\/comida-casera-para-llevar-en-salt\/","og_locale":"es_ES","og_type":"article","og_title":"Comida casera para llevar en Salt &#8226; Rostisseria Happy","og_description":"Disfruta de la mejor comida para llevar en Salt (GIRONA). Cocina casera preparada el mismo d\u00eda para llevar.","og_url":"https:\/\/www.happygirona.com\/es\/comida-casera-para-llevar-en-salt\/","og_site_name":"Rostisseria Happy","article_modified_time":"2021-07-30T09:36:17+00:00","og_image":[{"width":500,"height":500,"url":"https:\/\/www.happygirona.com\/wp-content\/uploads\/2021\/04\/logo.png","type":"image\/png"}],"twitter_card":"summary_large_image","twitter_misc":{"Tiempo de lectura":"4 minutos"},"schema":{"@context":"https:\/\/schema.org","@graph":[{"@type":"WebPage","@id":"https:\/\/www.happygirona.com\/es\/comida-casera-para-llevar-en-salt\/","url":"https:\/\/www.happygirona.com\/es\/comida-casera-para-llevar-en-salt\/","name":"Comida casera para llevar en Salt &#8226; Rostisseria Happy","isPartOf":{"@id":"https:\/\/www.happygirona.com\/es\/#website"},"primaryImageOfPage":{"@id":"https:\/\/www.happygirona.com\/es\/comida-casera-para-llevar-en-salt\/#primaryimage"},"image":{"@id":"https:\/\/www.happygirona.com\/es\/comida-casera-para-llevar-en-salt\/#primaryimage"},"thumbnailUrl":"https:\/\/www.happygirona.com\/wp-content\/uploads\/2021\/04\/logo.png","datePublished":"2021-07-30T09:33:25+00:00","dateModified":"2021-07-30T09:36:17+00:00","description":"Disfruta de la mejor comida para llevar en Salt (GIRONA). Cocina casera preparada el mismo d\u00eda para llevar.","breadcrumb":{"@id":"https:\/\/www.happygirona.com\/es\/comida-casera-para-llevar-en-salt\/#breadcrumb"},"inLanguage":"es","potentialAction":[{"@type":"ReadAction","target":["https:\/\/www.happygirona.com\/es\/comida-casera-para-llevar-en-salt\/"]}]},{"@type":"ImageObject","inLanguage":"es","@id":"https:\/\/www.happygirona.com\/es\/comida-casera-para-llevar-en-salt\/#primaryimage","url":"https:\/\/www.happygirona.com\/wp-content\/uploads\/2021\/04\/logo.png","contentUrl":"https:\/\/www.happygirona.com\/wp-content\/uploads\/2021\/04\/logo.png","width":500,"height":500},{"@type":"BreadcrumbList","@id":"https:\/\/www.happygirona.com\/es\/comida-casera-para-llevar-en-salt\/#breadcrumb","itemListElement":[{"@type":"ListItem","position":1,"name":"Portada","item":"https:\/\/www.happygirona.com\/es\/"},{"@type":"ListItem","position":2,"name":"Comida casera para llevar en Salt"}]},{"@type":"WebSite","@id":"https:\/\/www.happygirona.com\/es\/#website","url":"https:\/\/www.happygirona.com\/es\/","name":"Rostisseria Happy","description":"Comida para llevar en Girona","publisher":{"@id":"https:\/\/www.happygirona.com\/es\/#organization"},"potentialAction":[{"@type":"SearchAction","target":{"@type":"EntryPoint","urlTemplate":"https:\/\/www.happygirona.com\/es\/?s={search_term_string}"},"query-input":{"@type":"PropertyValueSpecification","valueRequired":true,"valueName":"search_term_string"}}],"inLanguage":"es"},{"@type":"Organization","@id":"https:\/\/www.happygirona.com\/es\/#organization","name":"Happy Girona","url":"https:\/\/www.happygirona.com\/es\/","logo":{"@type":"ImageObject","inLanguage":"es","@id":"https:\/\/www.happygirona.com\/es\/#\/schema\/logo\/image\/","url":"https:\/\/www.happygirona.com\/wp-content\/uploads\/2021\/04\/logo.png","contentUrl":"https:\/\/www.happygirona.com\/wp-content\/uploads\/2021\/04\/logo.png","width":500,"height":500,"caption":"Happy Girona"},"image":{"@id":"https:\/\/www.happygirona.com\/es\/#\/schema\/logo\/image\/"}}]}},"_links":{"self":[{"href":"https:\/\/www.happygirona.com\/es\/wp-json\/wp\/v2\/pages\/537","targetHints":{"allow":["GET"]}}],"collection":[{"href":"https:\/\/www.happygirona.com\/es\/wp-json\/wp\/v2\/pages"}],"about":[{"href":"https:\/\/www.happygirona.com\/es\/wp-json\/wp\/v2\/types\/page"}],"author":[{"embeddable":true,"href":"https:\/\/www.happygirona.com\/es\/wp-json\/wp\/v2\/users\/1"}],"replies":[{"embeddable":true,"href":"https:\/\/www.happygirona.com\/es\/wp-json\/wp\/v2\/comments?post=537"}],"version-history":[{"count":4,"href":"https:\/\/www.happygirona.com\/es\/wp-json\/wp\/v2\/pages\/537\/revisions"}],"predecessor-version":[{"id":548,"href":"https:\/\/www.happygirona.com\/es\/wp-json\/wp\/v2\/pages\/537\/revisions\/548"}],"wp:featuredmedia":[{"embeddable":true,"href":"https:\/\/www.happygirona.com\/es\/wp-json\/wp\/v2\/media\/433"}],"wp:attachment":[{"href":"https:\/\/www.happygirona.com\/es\/wp-json\/wp\/v2\/media?parent=537"}],"curies":[{"name":"wp","href":"https:\/\/api.w.org\/{rel}","templated":true}]}}