{"id":442,"date":"2021-07-12T11:53:41","date_gmt":"2021-07-12T11:53:41","guid":{"rendered":"https:\/\/www.happygirona.com\/catering\/"},"modified":"2021-07-12T11:56:05","modified_gmt":"2021-07-12T11:56:05","slug":"catering","status":"publish","type":"page","link":"https:\/\/www.happygirona.com\/es\/catering\/","title":{"rendered":"Catering"},"content":{"rendered":"<div id='av_section_1'  class='avia-section av-av_section-f3892e610ee9633c68397830e8f2c661 main_color avia-section-default avia-no-border-styling  avia-builder-el-0  avia-builder-el-no-sibling  avia-bg-style-scroll container_wrap sidebar_right'  ><div class='container av-section-cont-open' ><main  role=\"main\" itemprop=\"mainContentOfPage\"  class='template-page content  av-content-small alpha units'><div class='post-entry post-entry-type-page post-entry-442'><div class='entry-content-wrapper clearfix'>\n\n<style type=\"text\/css\" data-created_by=\"avia_inline_auto\" id=\"style-css-av-av_heading-9828391908e3515c167b0a12f3fef35a\">\n#top .av-special-heading.av-av_heading-9828391908e3515c167b0a12f3fef35a{\npadding-bottom:10px;\n}\nbody .av-special-heading.av-av_heading-9828391908e3515c167b0a12f3fef35a .av-special-heading-tag .heading-char{\nfont-size:25px;\n}\n.av-special-heading.av-av_heading-9828391908e3515c167b0a12f3fef35a .av-subheading{\nfont-size:15px;\n}\n<\/style>\n<div  class='av-special-heading av-av_heading-9828391908e3515c167b0a12f3fef35a av-special-heading-h2  avia-builder-el-1  el_before_av_hr  avia-builder-el-first '><h2 class='av-special-heading-tag '  itemprop=\"headline\"  >Catering<\/h2><div class=\"special-heading-border\"><div class=\"special-heading-inner-border\"><\/div><\/div><\/div>\n\n<style type=\"text\/css\" data-created_by=\"avia_inline_auto\" id=\"style-css-av-av_hr-4474f20d2389e2e5ecf918a02da5132e\">\n#top .hr.hr-invisible.av-av_hr-4474f20d2389e2e5ecf918a02da5132e{\nheight:50px;\n}\n<\/style>\n<div  class='hr av-av_hr-4474f20d2389e2e5ecf918a02da5132e hr-invisible  avia-builder-el-2  el_after_av_heading  el_before_av_two_fifth '><span class='hr-inner '><span class=\"hr-inner-style\"><\/span><\/span><\/div>\n\n<style type=\"text\/css\" data-created_by=\"avia_inline_auto\" id=\"style-css-av-av_two_fifth-15d750bd1b332b34c6e70b077ebbccdf\">\n.flex_column.av-av_two_fifth-15d750bd1b332b34c6e70b077ebbccdf{\nborder-radius:0px 0px 0px 0px;\npadding:0px 0px 0px 0px;\n}\n<\/style>\n<div  class='flex_column av-av_two_fifth-15d750bd1b332b34c6e70b077ebbccdf av_two_fifth  avia-builder-el-3  el_after_av_hr  el_before_av_three_fifth  first flex_column_div av-zero-column-padding  '     ><style type=\"text\/css\" data-created_by=\"avia_inline_auto\" id=\"style-css-av-av_image-5224f5ead05c7547a53523ff1dfbe59e\">\n.avia-image-container.av-av_image-5224f5ead05c7547a53523ff1dfbe59e img.avia_image{\nbox-shadow:none;\n}\n.avia-image-container.av-av_image-5224f5ead05c7547a53523ff1dfbe59e .av-image-caption-overlay-center{\ncolor:#ffffff;\n}\n<\/style>\n<div  class='avia-image-container av-av_image-5224f5ead05c7547a53523ff1dfbe59e av-styling- avia-align-center  avia-builder-el-4  avia-builder-el-no-sibling '   itemprop=\"image\" itemscope=\"itemscope\" itemtype=\"https:\/\/schema.org\/ImageObject\" ><div class=\"avia-image-container-inner\"><div class=\"avia-image-overlay-wrap\"><img fetchpriority=\"high\" class='wp-image-415 avia-img-lazy-loading-not-415 avia_image ' src='https:\/\/www.happygirona.com\/wp-content\/uploads\/2020\/03\/843011-203902779756431-868054218-o.jpg' alt='' title=''  height=\"733\" width=\"1100\"  itemprop=\"thumbnailUrl\"  \/><\/div><\/div><\/div><\/div>\n<style type=\"text\/css\" data-created_by=\"avia_inline_auto\" id=\"style-css-av-av_three_fifth-c8fc129dc35fd1ae2a1e410224d39ea8\">\n.flex_column.av-av_three_fifth-c8fc129dc35fd1ae2a1e410224d39ea8{\nborder-radius:0px 0px 0px 0px;\npadding:0px 0px 0px 0px;\n}\n<\/style>\n<div  class='flex_column av-av_three_fifth-c8fc129dc35fd1ae2a1e410224d39ea8 av_three_fifth  avia-builder-el-5  el_after_av_two_fifth  avia-builder-el-last  flex_column_div av-zero-column-padding  '     ><section  class='av_textblock_section av-av_textblock-2de302bf1aa3cf4c9157dbe6f50ac7eb '   itemscope=\"itemscope\" itemtype=\"https:\/\/schema.org\/CreativeWork\" ><div class='avia_textblock'  itemprop=\"text\" ><p><strong>Servicio de catering en Girona<\/strong> para grupos, empresas, bares, reuniones familiares, despedidas de solteros\/as, casamientos, aperitivos de empresas, etc.<\/p>\n<p>Utilizamos la m\u00e1s<strong> moderna tecnolog\u00eda<\/strong> de abatimiento de temperatura de los productos cocinados (conservaci\u00f3n a la nevera + 6 \u00b0C de 10 d\u00edas) o de pasteurizaci\u00f3n (conservaci\u00f3n de 30 d\u00edas).<\/p>\n<p>El producto cocinado se somete a una refrigeraci\u00f3n ultra r\u00e1pida para situarlo en torno a 2 \u00b0C de temperatura en el coraz\u00f3n del producto. La t\u00e9cnica de envasado al vac\u00edo asegura una<strong> higiene perfecta<\/strong> y una <strong>calidad<\/strong> homog\u00e9nea en todos los productos.<\/p>\n<p><strong>Presupuesto a medida.<\/strong><\/p>\n<p>El servicio de catering, te lo llevamos <strong>donde quieras.<\/strong><\/p>\n<\/div><\/section><\/div><\/div><\/div><\/main><!-- close content main element --><\/div><\/div><div id='after_section_1'  class='main_color av_default_container_wrap container_wrap sidebar_right'  ><div class='container av-section-cont-open' ><div class='template-page content  av-content-small alpha units'><div class='post-entry post-entry-type-page post-entry-442'><div class='entry-content-wrapper clearfix'>\n","protected":false},"excerpt":{"rendered":"","protected":false},"author":1,"featured_media":0,"parent":0,"menu_order":0,"comment_status":"closed","ping_status":"closed","template":"","meta":{"footnotes":""},"class_list":["post-442","page","type-page","status-publish","hentry"],"yoast_head":"<!-- This site is optimized with the Yoast SEO plugin v27.2 - https:\/\/yoast.com\/product\/yoast-seo-wordpress\/ -->\n<title>Catering &#8226; Rostisseria Happy &#8226; El mejor pollo al ast de Girona<\/title>\n<meta name=\"description\" content=\"Tenemos el mejor catering de Girona al mejor precio. Ven a ver nuestra variedad de comidas preparadas para llevar.\" \/>\n<meta name=\"robots\" content=\"index, follow, max-snippet:-1, max-image-preview:large, max-video-preview:-1\" \/>\n<link rel=\"canonical\" href=\"https:\/\/www.happygirona.com\/es\/catering\/\" \/>\n<meta property=\"og:locale\" content=\"es_ES\" \/>\n<meta property=\"og:type\" content=\"article\" \/>\n<meta property=\"og:title\" content=\"Catering &#8226; Rostisseria Happy &#8226; El mejor pollo al ast de Girona\" \/>\n<meta property=\"og:description\" content=\"Tenemos el mejor catering de Girona al mejor precio. Ven a ver nuestra variedad de comidas preparadas para llevar.\" \/>\n<meta property=\"og:url\" content=\"https:\/\/www.happygirona.com\/es\/catering\/\" \/>\n<meta property=\"og:site_name\" content=\"Rostisseria Happy\" \/>\n<meta property=\"article:modified_time\" content=\"2021-07-12T11:56:05+00:00\" \/>\n<meta name=\"twitter:card\" content=\"summary_large_image\" \/>\n<meta name=\"twitter:label1\" content=\"Tiempo de lectura\" \/>\n\t<meta name=\"twitter:data1\" content=\"2 minutos\" \/>\n<script type=\"application\/ld+json\" class=\"yoast-schema-graph\">{\"@context\":\"https:\/\/schema.org\",\"@graph\":[{\"@type\":\"WebPage\",\"@id\":\"https:\/\/www.happygirona.com\/es\/catering\/\",\"url\":\"https:\/\/www.happygirona.com\/es\/catering\/\",\"name\":\"Catering &#8226; Rostisseria Happy &#8226; El mejor pollo al ast de Girona\",\"isPartOf\":{\"@id\":\"https:\/\/www.happygirona.com\/es\/#website\"},\"datePublished\":\"2021-07-12T11:53:41+00:00\",\"dateModified\":\"2021-07-12T11:56:05+00:00\",\"description\":\"Tenemos el mejor catering de Girona al mejor precio. Ven a ver nuestra variedad de comidas preparadas para llevar.\",\"breadcrumb\":{\"@id\":\"https:\/\/www.happygirona.com\/es\/catering\/#breadcrumb\"},\"inLanguage\":\"es\",\"potentialAction\":[{\"@type\":\"ReadAction\",\"target\":[\"https:\/\/www.happygirona.com\/es\/catering\/\"]}]},{\"@type\":\"BreadcrumbList\",\"@id\":\"https:\/\/www.happygirona.com\/es\/catering\/#breadcrumb\",\"itemListElement\":[{\"@type\":\"ListItem\",\"position\":1,\"name\":\"Portada\",\"item\":\"https:\/\/www.happygirona.com\/es\/\"},{\"@type\":\"ListItem\",\"position\":2,\"name\":\"Catering\"}]},{\"@type\":\"WebSite\",\"@id\":\"https:\/\/www.happygirona.com\/es\/#website\",\"url\":\"https:\/\/www.happygirona.com\/es\/\",\"name\":\"Rostisseria Happy\",\"description\":\"Comida para llevar en Girona\",\"publisher\":{\"@id\":\"https:\/\/www.happygirona.com\/es\/#organization\"},\"potentialAction\":[{\"@type\":\"SearchAction\",\"target\":{\"@type\":\"EntryPoint\",\"urlTemplate\":\"https:\/\/www.happygirona.com\/es\/?s={search_term_string}\"},\"query-input\":{\"@type\":\"PropertyValueSpecification\",\"valueRequired\":true,\"valueName\":\"search_term_string\"}}],\"inLanguage\":\"es\"},{\"@type\":\"Organization\",\"@id\":\"https:\/\/www.happygirona.com\/es\/#organization\",\"name\":\"Happy Girona\",\"url\":\"https:\/\/www.happygirona.com\/es\/\",\"logo\":{\"@type\":\"ImageObject\",\"inLanguage\":\"es\",\"@id\":\"https:\/\/www.happygirona.com\/es\/#\/schema\/logo\/image\/\",\"url\":\"https:\/\/www.happygirona.com\/wp-content\/uploads\/2021\/04\/logo.png\",\"contentUrl\":\"https:\/\/www.happygirona.com\/wp-content\/uploads\/2021\/04\/logo.png\",\"width\":500,\"height\":500,\"caption\":\"Happy Girona\"},\"image\":{\"@id\":\"https:\/\/www.happygirona.com\/es\/#\/schema\/logo\/image\/\"}}]}<\/script>\n<!-- \/ Yoast SEO plugin. -->","yoast_head_json":{"title":"Catering &#8226; Rostisseria Happy &#8226; El mejor pollo al ast de Girona","description":"Tenemos el mejor catering de Girona al mejor precio. Ven a ver nuestra variedad de comidas preparadas para llevar.","robots":{"index":"index","follow":"follow","max-snippet":"max-snippet:-1","max-image-preview":"max-image-preview:large","max-video-preview":"max-video-preview:-1"},"canonical":"https:\/\/www.happygirona.com\/es\/catering\/","og_locale":"es_ES","og_type":"article","og_title":"Catering &#8226; Rostisseria Happy &#8226; El mejor pollo al ast de Girona","og_description":"Tenemos el mejor catering de Girona al mejor precio. Ven a ver nuestra variedad de comidas preparadas para llevar.","og_url":"https:\/\/www.happygirona.com\/es\/catering\/","og_site_name":"Rostisseria Happy","article_modified_time":"2021-07-12T11:56:05+00:00","twitter_card":"summary_large_image","twitter_misc":{"Tiempo de lectura":"2 minutos"},"schema":{"@context":"https:\/\/schema.org","@graph":[{"@type":"WebPage","@id":"https:\/\/www.happygirona.com\/es\/catering\/","url":"https:\/\/www.happygirona.com\/es\/catering\/","name":"Catering &#8226; Rostisseria Happy &#8226; El mejor pollo al ast de Girona","isPartOf":{"@id":"https:\/\/www.happygirona.com\/es\/#website"},"datePublished":"2021-07-12T11:53:41+00:00","dateModified":"2021-07-12T11:56:05+00:00","description":"Tenemos el mejor catering de Girona al mejor precio. Ven a ver nuestra variedad de comidas preparadas para llevar.","breadcrumb":{"@id":"https:\/\/www.happygirona.com\/es\/catering\/#breadcrumb"},"inLanguage":"es","potentialAction":[{"@type":"ReadAction","target":["https:\/\/www.happygirona.com\/es\/catering\/"]}]},{"@type":"BreadcrumbList","@id":"https:\/\/www.happygirona.com\/es\/catering\/#breadcrumb","itemListElement":[{"@type":"ListItem","position":1,"name":"Portada","item":"https:\/\/www.happygirona.com\/es\/"},{"@type":"ListItem","position":2,"name":"Catering"}]},{"@type":"WebSite","@id":"https:\/\/www.happygirona.com\/es\/#website","url":"https:\/\/www.happygirona.com\/es\/","name":"Rostisseria Happy","description":"Comida para llevar en Girona","publisher":{"@id":"https:\/\/www.happygirona.com\/es\/#organization"},"potentialAction":[{"@type":"SearchAction","target":{"@type":"EntryPoint","urlTemplate":"https:\/\/www.happygirona.com\/es\/?s={search_term_string}"},"query-input":{"@type":"PropertyValueSpecification","valueRequired":true,"valueName":"search_term_string"}}],"inLanguage":"es"},{"@type":"Organization","@id":"https:\/\/www.happygirona.com\/es\/#organization","name":"Happy Girona","url":"https:\/\/www.happygirona.com\/es\/","logo":{"@type":"ImageObject","inLanguage":"es","@id":"https:\/\/www.happygirona.com\/es\/#\/schema\/logo\/image\/","url":"https:\/\/www.happygirona.com\/wp-content\/uploads\/2021\/04\/logo.png","contentUrl":"https:\/\/www.happygirona.com\/wp-content\/uploads\/2021\/04\/logo.png","width":500,"height":500,"caption":"Happy Girona"},"image":{"@id":"https:\/\/www.happygirona.com\/es\/#\/schema\/logo\/image\/"}}]}},"_links":{"self":[{"href":"https:\/\/www.happygirona.com\/es\/wp-json\/wp\/v2\/pages\/442","targetHints":{"allow":["GET"]}}],"collection":[{"href":"https:\/\/www.happygirona.com\/es\/wp-json\/wp\/v2\/pages"}],"about":[{"href":"https:\/\/www.happygirona.com\/es\/wp-json\/wp\/v2\/types\/page"}],"author":[{"embeddable":true,"href":"https:\/\/www.happygirona.com\/es\/wp-json\/wp\/v2\/users\/1"}],"replies":[{"embeddable":true,"href":"https:\/\/www.happygirona.com\/es\/wp-json\/wp\/v2\/comments?post=442"}],"version-history":[{"count":5,"href":"https:\/\/www.happygirona.com\/es\/wp-json\/wp\/v2\/pages\/442\/revisions"}],"predecessor-version":[{"id":451,"href":"https:\/\/www.happygirona.com\/es\/wp-json\/wp\/v2\/pages\/442\/revisions\/451"}],"wp:attachment":[{"href":"https:\/\/www.happygirona.com\/es\/wp-json\/wp\/v2\/media?parent=442"}],"curies":[{"name":"wp","href":"https:\/\/api.w.org\/{rel}","templated":true}]}}