{"id":566,"date":"2021-11-30T08:43:43","date_gmt":"2021-11-30T08:43:43","guid":{"rendered":"https:\/\/www.happygirona.com\/menjar-casola-per-emportar-a-fornells-de-la-selva-copy\/"},"modified":"2021-11-30T08:45:28","modified_gmt":"2021-11-30T08:45:28","slug":"menjar-casola-per-emportar-a-sarria-de-ter","status":"publish","type":"page","link":"https:\/\/www.happygirona.com\/ca\/menjar-casola-per-emportar-a-sarria-de-ter\/","title":{"rendered":"Menjar casol\u00e0 per emportar a Sarri\u00e0 de Ter"},"content":{"rendered":"\n<style type=\"text\/css\" data-created_by=\"avia_inline_auto\" id=\"style-css-av-av_heading-eb887df2bff0db56c744359fd643aa2a\">\n#top .av-special-heading.av-av_heading-eb887df2bff0db56c744359fd643aa2a{\npadding-bottom:10px;\n}\nbody .av-special-heading.av-av_heading-eb887df2bff0db56c744359fd643aa2a .av-special-heading-tag .heading-char{\nfont-size:25px;\n}\n.av-special-heading.av-av_heading-eb887df2bff0db56c744359fd643aa2a .av-subheading{\nfont-size:15px;\n}\n<\/style>\n<div  class='av-special-heading av-av_heading-eb887df2bff0db56c744359fd643aa2a av-special-heading-h1  avia-builder-el-0  el_before_av_two_third  avia-builder-el-first '><h1 class='av-special-heading-tag '  itemprop=\"headline\"  >Menjar casol\u00e0 per emportar a Sarri\u00e0 de Ter<\/h1><div class=\"special-heading-border\"><div class=\"special-heading-inner-border\"><\/div><\/div><\/div>\n\n<style type=\"text\/css\" data-created_by=\"avia_inline_auto\" id=\"style-css-av-av_two_third-15d750bd1b332b34c6e70b077ebbccdf\">\n.flex_column.av-av_two_third-15d750bd1b332b34c6e70b077ebbccdf{\nborder-radius:0px 0px 0px 0px;\npadding:0px 0px 0px 0px;\n}\n<\/style>\n<div  class='flex_column av-av_two_third-15d750bd1b332b34c6e70b077ebbccdf av_two_third  avia-builder-el-1  el_after_av_heading  el_before_av_one_third  first flex_column_div av-zero-column-padding  '     ><section  class='av_textblock_section av-av_textblock-2de302bf1aa3cf4c9157dbe6f50ac7eb '   itemscope=\"itemscope\" itemtype=\"https:\/\/schema.org\/CreativeWork\" ><div class='avia_textblock'  itemprop=\"text\" ><p>Vols gaudir d&#8217;un aut\u00e8ntic menjar casol\u00e0 preparat amb els ingredients m\u00e9s frescos i de millor qualitat?<\/p>\n<p>Ens especialitzem en la preparaci\u00f3 de tota mena de menjar per emportar, la nostra traject\u00f2ria de m\u00e9s de 20 anys ens permet oferir un men\u00fa molt variat que inclou plats molt nutritius i saborosos elaborats per mans expertes amb ingredients frescos i de primera qualitat.<\/p>\n<\/div><\/section><\/div>\n\n<style type=\"text\/css\" data-created_by=\"avia_inline_auto\" id=\"style-css-av-av_one_third-c8fc129dc35fd1ae2a1e410224d39ea8\">\n.flex_column.av-av_one_third-c8fc129dc35fd1ae2a1e410224d39ea8{\nborder-radius:0px 0px 0px 0px;\npadding:0px 0px 0px 0px;\n}\n<\/style>\n<div  class='flex_column av-av_one_third-c8fc129dc35fd1ae2a1e410224d39ea8 av_one_third  avia-builder-el-3  el_after_av_two_third  el_before_av_one_full  flex_column_div av-zero-column-padding  '     ><style type=\"text\/css\" data-created_by=\"avia_inline_auto\" id=\"style-css-av-av_image-e81c1d65c1cb9939d49f0d6e8961bd09\">\n.avia-image-container.av-av_image-e81c1d65c1cb9939d49f0d6e8961bd09 img.avia_image{\nbox-shadow:none;\n}\n.avia-image-container.av-av_image-e81c1d65c1cb9939d49f0d6e8961bd09 .av-image-caption-overlay-center{\ncolor:#ffffff;\n}\n<\/style>\n<div  class='avia-image-container av-av_image-e81c1d65c1cb9939d49f0d6e8961bd09 av-styling- avia-align-center  avia-builder-el-4  avia-builder-el-no-sibling '   itemprop=\"image\" itemscope=\"itemscope\" itemtype=\"https:\/\/schema.org\/ImageObject\" ><div class=\"avia-image-container-inner\"><div class=\"avia-image-overlay-wrap\"><img fetchpriority=\"high\" class='wp-image-356 avia-img-lazy-loading-not-356 avia_image ' src='https:\/\/www.happygirona.com\/wp-content\/uploads\/2021\/04\/DSCF0048-495x400.jpg' alt='' title=''  height=\"400\" width=\"495\"  itemprop=\"thumbnailUrl\"  \/><\/div><\/div><\/div><\/div>\n\n<style type=\"text\/css\" data-created_by=\"avia_inline_auto\" id=\"style-css-av-av_one_full-15d750bd1b332b34c6e70b077ebbccdf\">\n.flex_column.av-av_one_full-15d750bd1b332b34c6e70b077ebbccdf{\nborder-radius:0px 0px 0px 0px;\npadding:0px 0px 0px 0px;\n}\n<\/style>\n<div  class='flex_column av-av_one_full-15d750bd1b332b34c6e70b077ebbccdf av_one_full  avia-builder-el-5  el_after_av_one_third  el_before_av_one_third  first flex_column_div av-zero-column-padding  column-top-margin'     ><section  class='av_textblock_section av-av_textblock-2de302bf1aa3cf4c9157dbe6f50ac7eb '   itemscope=\"itemscope\" itemtype=\"https:\/\/schema.org\/CreativeWork\" ><div class='avia_textblock'  itemprop=\"text\" ><p>En els nostres locals situats a la ciutat de Girona en Rda. Ferran Puig 21 i en C. Creu 35, pots gaudir d&#8217;una gran varietat de plats inclosos en el nostre variat men\u00fa diari, entre els quals destaquen:<\/p>\n<ul>\n<li>Amanides: russa, verd, de patates, de carxofes, de tom\u00e0quets i empedrat.<\/li>\n<li>Especial Happy: croquetes de pollastre casolanes, calamars farcits, bacall\u00e0 a la mussolina d&#8217;alls, cargols en salsa, esqueixada de bacall\u00e0 i s\u00e9pia amb p\u00e8sols.<\/li>\n<li>Carns: el millor pollastre rostit de Girona, aix\u00ed com una gran varietat de plats de carn d&#8217;ocell, bov\u00ed, conill i porc.<\/li>\n<li>Pasta i arrossos: una interessant varietat que inclou arrossos, paelles i fideu\u00e1, aix\u00ed com canelons, tallarines, espaguetis i macarrons preparats amb exquisides salses.<\/li>\n<li>Peixos: bacall\u00e0 amb samfaina, llobarro amb gambes, cr\u00eape de marisc, rap a la marinera, rap a l&#8217;ametlla, llu\u00e7 amb verdures, clo\u00efsses a la marinera, pudding de esc\u00f3rpora i l&#8217;exquisit suquet de peix.<\/li>\n<li>Una exquisida varietat de plats d&#8217;entrants, verdures i llegums.<\/li>\n<\/ul>\n<\/div><\/section><\/div>\n\n<style type=\"text\/css\" data-created_by=\"avia_inline_auto\" id=\"style-css-av-av_one_third-15d750bd1b332b34c6e70b077ebbccdf\">\n.flex_column.av-av_one_third-15d750bd1b332b34c6e70b077ebbccdf{\nborder-radius:0px 0px 0px 0px;\npadding:0px 0px 0px 0px;\n}\n<\/style>\n<div  class='flex_column av-av_one_third-15d750bd1b332b34c6e70b077ebbccdf av_one_third  avia-builder-el-7  el_after_av_one_full  el_before_av_two_third  first flex_column_div av-zero-column-padding  column-top-margin'     ><style type=\"text\/css\" data-created_by=\"avia_inline_auto\" id=\"style-css-av-av_image-a23e6edb5d9bce8a146f36ad513b1dfa\">\n.avia-image-container.av-av_image-a23e6edb5d9bce8a146f36ad513b1dfa img.avia_image{\nbox-shadow:none;\n}\n.avia-image-container.av-av_image-a23e6edb5d9bce8a146f36ad513b1dfa .av-image-caption-overlay-center{\ncolor:#ffffff;\n}\n<\/style>\n<div  class='avia-image-container av-av_image-a23e6edb5d9bce8a146f36ad513b1dfa av-styling- avia-align-center  avia-builder-el-8  avia-builder-el-no-sibling '   itemprop=\"image\" itemscope=\"itemscope\" itemtype=\"https:\/\/schema.org\/ImageObject\" ><div class=\"avia-image-container-inner\"><div class=\"avia-image-overlay-wrap\"><img fetchpriority=\"high\" class='wp-image-357 avia-img-lazy-loading-not-357 avia_image ' src='https:\/\/www.happygirona.com\/wp-content\/uploads\/2021\/04\/843011_203902779756431_868054218_o-495x400.jpg' alt='' title=''  height=\"400\" width=\"495\"  itemprop=\"thumbnailUrl\"  \/><\/div><\/div><\/div><\/div>\n\n<style type=\"text\/css\" data-created_by=\"avia_inline_auto\" id=\"style-css-av-av_two_third-c8fc129dc35fd1ae2a1e410224d39ea8\">\n.flex_column.av-av_two_third-c8fc129dc35fd1ae2a1e410224d39ea8{\nborder-radius:0px 0px 0px 0px;\npadding:0px 0px 0px 0px;\n}\n<\/style>\n<div  class='flex_column av-av_two_third-c8fc129dc35fd1ae2a1e410224d39ea8 av_two_third  avia-builder-el-9  el_after_av_one_third  avia-builder-el-last  flex_column_div av-zero-column-padding  column-top-margin'     ><section  class='av_textblock_section av-av_textblock-2de302bf1aa3cf4c9157dbe6f50ac7eb '   itemscope=\"itemscope\" itemtype=\"https:\/\/schema.org\/CreativeWork\" ><div class='avia_textblock'  itemprop=\"text\" ><p>Oferim tamb\u00e9 el servei especialitzat de servei d&#8217;\u00e0pats en tota Girona, que et brinda el men\u00fa que desitges per a qualsevol esdeveniment com a noces, reunions familiars, de treball, comiats de solters\/as, els nostres plats s\u00f3n realment deliciosos i amb qualitat garantida. Comptem amb tots els avan\u00e7aments tecnol\u00f2gics i el personal especialitzat per a garantir un servei de primera qualitat.<\/p>\n<\/div><\/section><\/div>\n","protected":false},"excerpt":{"rendered":"","protected":false},"author":1,"featured_media":342,"parent":0,"menu_order":0,"comment_status":"closed","ping_status":"closed","template":"","meta":{"footnotes":""},"class_list":["post-566","page","type-page","status-publish","has-post-thumbnail","hentry"],"yoast_head":"<!-- This site is optimized with the Yoast SEO plugin v27.2 - https:\/\/yoast.com\/product\/yoast-seo-wordpress\/ -->\n<title>Menjar casol\u00e0 per emportar a Sarri\u00e0 de Ter &#8226; Rostisseria Happy<\/title>\n<meta name=\"description\" content=\"Gaudeix del millor menjar per emportar a Sarri\u00e0 de Ter. Cuina casolana preparada el mateix dia per a portar.\" \/>\n<meta name=\"robots\" content=\"index, follow, max-snippet:-1, max-image-preview:large, max-video-preview:-1\" \/>\n<link rel=\"canonical\" href=\"https:\/\/www.happygirona.com\/ca\/menjar-casola-per-emportar-a-sarria-de-ter\/\" \/>\n<meta property=\"og:locale\" content=\"ca_ES\" \/>\n<meta property=\"og:type\" content=\"article\" \/>\n<meta property=\"og:title\" content=\"Menjar casol\u00e0 per emportar a Sarri\u00e0 de Ter &#8226; Rostisseria Happy\" \/>\n<meta property=\"og:description\" content=\"Gaudeix del millor menjar per emportar a Sarri\u00e0 de Ter. Cuina casolana preparada el mateix dia per a portar.\" \/>\n<meta property=\"og:url\" content=\"https:\/\/www.happygirona.com\/ca\/menjar-casola-per-emportar-a-sarria-de-ter\/\" \/>\n<meta property=\"og:site_name\" content=\"Rostisseria Happy\" \/>\n<meta property=\"article:modified_time\" content=\"2021-11-30T08:45:28+00:00\" \/>\n<meta property=\"og:image\" content=\"https:\/\/www.happygirona.com\/wp-content\/uploads\/2021\/04\/logo.png\" \/>\n\t<meta property=\"og:image:width\" content=\"500\" \/>\n\t<meta property=\"og:image:height\" content=\"500\" \/>\n\t<meta property=\"og:image:type\" content=\"image\/png\" \/>\n<meta name=\"twitter:card\" content=\"summary_large_image\" \/>\n<meta name=\"twitter:label1\" content=\"Temps estimat de lectura\" \/>\n\t<meta name=\"twitter:data1\" content=\"4 minuts\" \/>\n<script type=\"application\/ld+json\" class=\"yoast-schema-graph\">{\"@context\":\"https:\/\/schema.org\",\"@graph\":[{\"@type\":\"WebPage\",\"@id\":\"https:\/\/www.happygirona.com\/ca\/menjar-casola-per-emportar-a-sarria-de-ter\/\",\"url\":\"https:\/\/www.happygirona.com\/ca\/menjar-casola-per-emportar-a-sarria-de-ter\/\",\"name\":\"Menjar casol\u00e0 per emportar a Sarri\u00e0 de Ter &#8226; Rostisseria Happy\",\"isPartOf\":{\"@id\":\"https:\/\/www.happygirona.com\/ca\/#website\"},\"primaryImageOfPage\":{\"@id\":\"https:\/\/www.happygirona.com\/ca\/menjar-casola-per-emportar-a-sarria-de-ter\/#primaryimage\"},\"image\":{\"@id\":\"https:\/\/www.happygirona.com\/ca\/menjar-casola-per-emportar-a-sarria-de-ter\/#primaryimage\"},\"thumbnailUrl\":\"https:\/\/www.happygirona.com\/wp-content\/uploads\/2021\/04\/logo.png\",\"datePublished\":\"2021-11-30T08:43:43+00:00\",\"dateModified\":\"2021-11-30T08:45:28+00:00\",\"description\":\"Gaudeix del millor menjar per emportar a Sarri\u00e0 de Ter. Cuina casolana preparada el mateix dia per a portar.\",\"breadcrumb\":{\"@id\":\"https:\/\/www.happygirona.com\/ca\/menjar-casola-per-emportar-a-sarria-de-ter\/#breadcrumb\"},\"inLanguage\":\"ca\",\"potentialAction\":[{\"@type\":\"ReadAction\",\"target\":[\"https:\/\/www.happygirona.com\/ca\/menjar-casola-per-emportar-a-sarria-de-ter\/\"]}]},{\"@type\":\"ImageObject\",\"inLanguage\":\"ca\",\"@id\":\"https:\/\/www.happygirona.com\/ca\/menjar-casola-per-emportar-a-sarria-de-ter\/#primaryimage\",\"url\":\"https:\/\/www.happygirona.com\/wp-content\/uploads\/2021\/04\/logo.png\",\"contentUrl\":\"https:\/\/www.happygirona.com\/wp-content\/uploads\/2021\/04\/logo.png\",\"width\":500,\"height\":500},{\"@type\":\"BreadcrumbList\",\"@id\":\"https:\/\/www.happygirona.com\/ca\/menjar-casola-per-emportar-a-sarria-de-ter\/#breadcrumb\",\"itemListElement\":[{\"@type\":\"ListItem\",\"position\":1,\"name\":\"Portada\",\"item\":\"https:\/\/www.happygirona.com\/ca\/\"},{\"@type\":\"ListItem\",\"position\":2,\"name\":\"Menjar casol\u00e0 per emportar a Sarri\u00e0 de Ter\"}]},{\"@type\":\"WebSite\",\"@id\":\"https:\/\/www.happygirona.com\/ca\/#website\",\"url\":\"https:\/\/www.happygirona.com\/ca\/\",\"name\":\"Rostisseria Happy\",\"description\":\"Comida para llevar en Girona\",\"publisher\":{\"@id\":\"https:\/\/www.happygirona.com\/ca\/#organization\"},\"potentialAction\":[{\"@type\":\"SearchAction\",\"target\":{\"@type\":\"EntryPoint\",\"urlTemplate\":\"https:\/\/www.happygirona.com\/ca\/?s={search_term_string}\"},\"query-input\":{\"@type\":\"PropertyValueSpecification\",\"valueRequired\":true,\"valueName\":\"search_term_string\"}}],\"inLanguage\":\"ca\"},{\"@type\":\"Organization\",\"@id\":\"https:\/\/www.happygirona.com\/ca\/#organization\",\"name\":\"Happy Girona\",\"url\":\"https:\/\/www.happygirona.com\/ca\/\",\"logo\":{\"@type\":\"ImageObject\",\"inLanguage\":\"ca\",\"@id\":\"https:\/\/www.happygirona.com\/ca\/#\/schema\/logo\/image\/\",\"url\":\"https:\/\/www.happygirona.com\/wp-content\/uploads\/2021\/04\/logo.png\",\"contentUrl\":\"https:\/\/www.happygirona.com\/wp-content\/uploads\/2021\/04\/logo.png\",\"width\":500,\"height\":500,\"caption\":\"Happy Girona\"},\"image\":{\"@id\":\"https:\/\/www.happygirona.com\/ca\/#\/schema\/logo\/image\/\"}}]}<\/script>\n<!-- \/ Yoast SEO plugin. -->","yoast_head_json":{"title":"Menjar casol\u00e0 per emportar a Sarri\u00e0 de Ter &#8226; Rostisseria Happy","description":"Gaudeix del millor menjar per emportar a Sarri\u00e0 de Ter. Cuina casolana preparada el mateix dia per a portar.","robots":{"index":"index","follow":"follow","max-snippet":"max-snippet:-1","max-image-preview":"max-image-preview:large","max-video-preview":"max-video-preview:-1"},"canonical":"https:\/\/www.happygirona.com\/ca\/menjar-casola-per-emportar-a-sarria-de-ter\/","og_locale":"ca_ES","og_type":"article","og_title":"Menjar casol\u00e0 per emportar a Sarri\u00e0 de Ter &#8226; Rostisseria Happy","og_description":"Gaudeix del millor menjar per emportar a Sarri\u00e0 de Ter. Cuina casolana preparada el mateix dia per a portar.","og_url":"https:\/\/www.happygirona.com\/ca\/menjar-casola-per-emportar-a-sarria-de-ter\/","og_site_name":"Rostisseria Happy","article_modified_time":"2021-11-30T08:45:28+00:00","og_image":[{"width":500,"height":500,"url":"https:\/\/www.happygirona.com\/wp-content\/uploads\/2021\/04\/logo.png","type":"image\/png"}],"twitter_card":"summary_large_image","twitter_misc":{"Temps estimat de lectura":"4 minuts"},"schema":{"@context":"https:\/\/schema.org","@graph":[{"@type":"WebPage","@id":"https:\/\/www.happygirona.com\/ca\/menjar-casola-per-emportar-a-sarria-de-ter\/","url":"https:\/\/www.happygirona.com\/ca\/menjar-casola-per-emportar-a-sarria-de-ter\/","name":"Menjar casol\u00e0 per emportar a Sarri\u00e0 de Ter &#8226; Rostisseria Happy","isPartOf":{"@id":"https:\/\/www.happygirona.com\/ca\/#website"},"primaryImageOfPage":{"@id":"https:\/\/www.happygirona.com\/ca\/menjar-casola-per-emportar-a-sarria-de-ter\/#primaryimage"},"image":{"@id":"https:\/\/www.happygirona.com\/ca\/menjar-casola-per-emportar-a-sarria-de-ter\/#primaryimage"},"thumbnailUrl":"https:\/\/www.happygirona.com\/wp-content\/uploads\/2021\/04\/logo.png","datePublished":"2021-11-30T08:43:43+00:00","dateModified":"2021-11-30T08:45:28+00:00","description":"Gaudeix del millor menjar per emportar a Sarri\u00e0 de Ter. Cuina casolana preparada el mateix dia per a portar.","breadcrumb":{"@id":"https:\/\/www.happygirona.com\/ca\/menjar-casola-per-emportar-a-sarria-de-ter\/#breadcrumb"},"inLanguage":"ca","potentialAction":[{"@type":"ReadAction","target":["https:\/\/www.happygirona.com\/ca\/menjar-casola-per-emportar-a-sarria-de-ter\/"]}]},{"@type":"ImageObject","inLanguage":"ca","@id":"https:\/\/www.happygirona.com\/ca\/menjar-casola-per-emportar-a-sarria-de-ter\/#primaryimage","url":"https:\/\/www.happygirona.com\/wp-content\/uploads\/2021\/04\/logo.png","contentUrl":"https:\/\/www.happygirona.com\/wp-content\/uploads\/2021\/04\/logo.png","width":500,"height":500},{"@type":"BreadcrumbList","@id":"https:\/\/www.happygirona.com\/ca\/menjar-casola-per-emportar-a-sarria-de-ter\/#breadcrumb","itemListElement":[{"@type":"ListItem","position":1,"name":"Portada","item":"https:\/\/www.happygirona.com\/ca\/"},{"@type":"ListItem","position":2,"name":"Menjar casol\u00e0 per emportar a Sarri\u00e0 de Ter"}]},{"@type":"WebSite","@id":"https:\/\/www.happygirona.com\/ca\/#website","url":"https:\/\/www.happygirona.com\/ca\/","name":"Rostisseria Happy","description":"Comida para llevar en Girona","publisher":{"@id":"https:\/\/www.happygirona.com\/ca\/#organization"},"potentialAction":[{"@type":"SearchAction","target":{"@type":"EntryPoint","urlTemplate":"https:\/\/www.happygirona.com\/ca\/?s={search_term_string}"},"query-input":{"@type":"PropertyValueSpecification","valueRequired":true,"valueName":"search_term_string"}}],"inLanguage":"ca"},{"@type":"Organization","@id":"https:\/\/www.happygirona.com\/ca\/#organization","name":"Happy Girona","url":"https:\/\/www.happygirona.com\/ca\/","logo":{"@type":"ImageObject","inLanguage":"ca","@id":"https:\/\/www.happygirona.com\/ca\/#\/schema\/logo\/image\/","url":"https:\/\/www.happygirona.com\/wp-content\/uploads\/2021\/04\/logo.png","contentUrl":"https:\/\/www.happygirona.com\/wp-content\/uploads\/2021\/04\/logo.png","width":500,"height":500,"caption":"Happy Girona"},"image":{"@id":"https:\/\/www.happygirona.com\/ca\/#\/schema\/logo\/image\/"}}]}},"_links":{"self":[{"href":"https:\/\/www.happygirona.com\/ca\/wp-json\/wp\/v2\/pages\/566","targetHints":{"allow":["GET"]}}],"collection":[{"href":"https:\/\/www.happygirona.com\/ca\/wp-json\/wp\/v2\/pages"}],"about":[{"href":"https:\/\/www.happygirona.com\/ca\/wp-json\/wp\/v2\/types\/page"}],"author":[{"embeddable":true,"href":"https:\/\/www.happygirona.com\/ca\/wp-json\/wp\/v2\/users\/1"}],"replies":[{"embeddable":true,"href":"https:\/\/www.happygirona.com\/ca\/wp-json\/wp\/v2\/comments?post=566"}],"version-history":[{"count":2,"href":"https:\/\/www.happygirona.com\/ca\/wp-json\/wp\/v2\/pages\/566\/revisions"}],"predecessor-version":[{"id":568,"href":"https:\/\/www.happygirona.com\/ca\/wp-json\/wp\/v2\/pages\/566\/revisions\/568"}],"wp:featuredmedia":[{"embeddable":true,"href":"https:\/\/www.happygirona.com\/ca\/wp-json\/wp\/v2\/media\/342"}],"wp:attachment":[{"href":"https:\/\/www.happygirona.com\/ca\/wp-json\/wp\/v2\/media?parent=566"}],"curies":[{"name":"wp","href":"https:\/\/api.w.org\/{rel}","templated":true}]}}