{"id":24,"date":"2020-03-10T08:04:20","date_gmt":"2020-03-10T08:04:20","guid":{"rendered":"https:\/\/www.happygirona.com\/?page_id=24"},"modified":"2020-03-10T10:05:10","modified_gmt":"2020-03-10T10:05:10","slug":"avis-legal","status":"publish","type":"page","link":"https:\/\/www.happygirona.com\/ca\/avis-legal\/","title":{"rendered":"Av\u00eds legal"},"content":{"rendered":"<section  class='av_textblock_section av-av_textblock-2de302bf1aa3cf4c9157dbe6f50ac7eb '   itemscope=\"itemscope\" itemtype=\"https:\/\/schema.org\/CreativeWork\" ><div class='avia_textblock'  itemprop=\"text\" ><h1>Av\u00eds legal<\/h1>\n<p>De conformitat amb la Llei 34\/2002, de Serveis de la Societat de la Informaci\u00f3 i de Comer\u00e7 Electr\u00f2nic, l&#8217;informem que aquest web \u00e9s titularitat de Happy Girona, SL, (en endavant \u201cEL TITULAR\u201d), amb CIF B55039044, domicili a Ronda Ferran Puig, 21 de Girona (17001); tel\u00e8fon 972 10 61 70 \/ 972 22 38 20.<\/p>\n<p class=\"titol text-bold text-uppercase \">PROPIETAT INTEL\u00b7LECTUAL I INDUSTRIAL<\/p>\n<p>Els continguts d&#8217;aquest lloc, incloent-hi els textos, imatges i dissenys gr\u00e0fics, pertanyen a EL TITULAR, o a tercers que han autoritzat el seu \u00fas. EL TITULAR presenta aquests continguts amb finalitats d&#8217;informaci\u00f3 i promoci\u00f3. EL TITULAR autoritza la seva utilitzaci\u00f3 exclusivament amb aquestes finalitats. Qualsevol utilitzaci\u00f3 d&#8217;aquests dissenys, imatges o textos haur\u00e0 de citar expressament la seva pertinen\u00e7a a EL TITULAR, qui es reserva el dret a iniciar les accions legals oportunes per reparar els danys i perjudicis causats per qualsevol acte que vulneri els seus drets de propietat intel\u00b7lectual o industrial.<\/p>\n<p class=\"titol text-bold text-uppercase \">EXCLUSI\u00d3 DE RESPONSABILITAT<\/p>\n<p>EL TITULAR actua amb la m\u00e0xima dilig\u00e8ncia possible perqu\u00e8 les dades i la informaci\u00f3 que ofereix al seu lloc web estigui actualitzada en tot moment, si b\u00e9 no garanteix ni es fa responsable de l&#8217;exactitud i actualitzaci\u00f3 dels continguts del lloc web, reservant-se el dret a modificar aquests continguts en qualsevol moment. EL TITULAR tampoc ser\u00e0 responsable de la informaci\u00f3 que es pot obtenir a trav\u00e9s d&#8217;enlla\u00e7os inclosos en el lloc web.<\/p>\n<p>Les relacions comercials amb els clients es regiran per les condicions generals que, si escau, s&#8217;estableixin per EL TITULAR en un document espec\u00edfic a aquest efecte, o pels pactes concrets que es puguin acordar amb els clients.<\/p>\n<p class=\"titol text-bold text-uppercase \">CONDICIONS D&#8217;\u00daS<\/p>\n<p>L&#8217;\u00fas d&#8217;aquest lloc web implica l&#8217;acceptaci\u00f3 plena dels termes del present av\u00eds legal. Els possibles conflictes relatius a aquest web es regiran exclusivament pel dret de l&#8217;Estat Espanyol. Tota persona usu\u00e0ria del web, independentment de la jurisdicci\u00f3 territorial des de la qual es produeixi el seu acc\u00e9s, accepta el compliment i respecte d&#8217;aquestes cl\u00e0usules amb ren\u00fancia expressa a qualsevol altre fur que pogu\u00e9s correspondre-li.<\/p>\n<\/div><\/section>\n","protected":false},"excerpt":{"rendered":"","protected":false},"author":1,"featured_media":0,"parent":0,"menu_order":0,"comment_status":"closed","ping_status":"closed","template":"","meta":{"footnotes":""},"class_list":["post-24","page","type-page","status-publish","hentry"],"yoast_head":"<!-- This site is optimized with the Yoast SEO plugin v27.2 - https:\/\/yoast.com\/product\/yoast-seo-wordpress\/ -->\n<title>Av\u00eds legal &#8226; Rostisseria Happy &#8226; El mejor pollo a l&#039;ast de Girona<\/title>\n<meta name=\"description\" content=\"Av\u00eds legal &#8226; Rostisseria Happy &#8226; Comida para llevar en Girona\" \/>\n<meta name=\"robots\" content=\"index, follow, max-snippet:-1, max-image-preview:large, max-video-preview:-1\" \/>\n<link rel=\"canonical\" href=\"https:\/\/www.happygirona.com\/ca\/avis-legal\/\" \/>\n<meta property=\"og:locale\" content=\"ca_ES\" \/>\n<meta property=\"og:type\" content=\"article\" \/>\n<meta property=\"og:title\" content=\"Av\u00eds legal &#8226; Rostisseria Happy &#8226; El mejor pollo a l&#039;ast de Girona\" \/>\n<meta property=\"og:description\" content=\"Av\u00eds legal &#8226; Rostisseria Happy &#8226; Comida para llevar en Girona\" \/>\n<meta property=\"og:url\" content=\"https:\/\/www.happygirona.com\/ca\/avis-legal\/\" \/>\n<meta property=\"og:site_name\" content=\"Rostisseria Happy\" \/>\n<meta property=\"article:modified_time\" content=\"2020-03-10T10:05:10+00:00\" \/>\n<meta name=\"twitter:card\" content=\"summary_large_image\" \/>\n<meta name=\"twitter:label1\" content=\"Temps estimat de lectura\" \/>\n\t<meta name=\"twitter:data1\" content=\"2 minuts\" \/>\n<script type=\"application\/ld+json\" class=\"yoast-schema-graph\">{\"@context\":\"https:\/\/schema.org\",\"@graph\":[{\"@type\":\"WebPage\",\"@id\":\"https:\/\/www.happygirona.com\/ca\/avis-legal\/\",\"url\":\"https:\/\/www.happygirona.com\/ca\/avis-legal\/\",\"name\":\"Av\u00eds legal &#8226; Rostisseria Happy &#8226; El mejor pollo a l'ast de Girona\",\"isPartOf\":{\"@id\":\"https:\/\/www.happygirona.com\/ca\/#website\"},\"datePublished\":\"2020-03-10T08:04:20+00:00\",\"dateModified\":\"2020-03-10T10:05:10+00:00\",\"description\":\"Av\u00eds legal &#8226; Rostisseria Happy &#8226; Comida para llevar en Girona\",\"breadcrumb\":{\"@id\":\"https:\/\/www.happygirona.com\/ca\/avis-legal\/#breadcrumb\"},\"inLanguage\":\"ca\",\"potentialAction\":[{\"@type\":\"ReadAction\",\"target\":[\"https:\/\/www.happygirona.com\/ca\/avis-legal\/\"]}]},{\"@type\":\"BreadcrumbList\",\"@id\":\"https:\/\/www.happygirona.com\/ca\/avis-legal\/#breadcrumb\",\"itemListElement\":[{\"@type\":\"ListItem\",\"position\":1,\"name\":\"Portada\",\"item\":\"https:\/\/www.happygirona.com\/ca\/\"},{\"@type\":\"ListItem\",\"position\":2,\"name\":\"Av\u00eds legal\"}]},{\"@type\":\"WebSite\",\"@id\":\"https:\/\/www.happygirona.com\/ca\/#website\",\"url\":\"https:\/\/www.happygirona.com\/ca\/\",\"name\":\"Rostisseria Happy\",\"description\":\"Comida para llevar en Girona\",\"publisher\":{\"@id\":\"https:\/\/www.happygirona.com\/ca\/#organization\"},\"potentialAction\":[{\"@type\":\"SearchAction\",\"target\":{\"@type\":\"EntryPoint\",\"urlTemplate\":\"https:\/\/www.happygirona.com\/ca\/?s={search_term_string}\"},\"query-input\":{\"@type\":\"PropertyValueSpecification\",\"valueRequired\":true,\"valueName\":\"search_term_string\"}}],\"inLanguage\":\"ca\"},{\"@type\":\"Organization\",\"@id\":\"https:\/\/www.happygirona.com\/ca\/#organization\",\"name\":\"Happy Girona\",\"url\":\"https:\/\/www.happygirona.com\/ca\/\",\"logo\":{\"@type\":\"ImageObject\",\"inLanguage\":\"ca\",\"@id\":\"https:\/\/www.happygirona.com\/ca\/#\/schema\/logo\/image\/\",\"url\":\"https:\/\/www.happygirona.com\/wp-content\/uploads\/2021\/04\/logo.png\",\"contentUrl\":\"https:\/\/www.happygirona.com\/wp-content\/uploads\/2021\/04\/logo.png\",\"width\":500,\"height\":500,\"caption\":\"Happy Girona\"},\"image\":{\"@id\":\"https:\/\/www.happygirona.com\/ca\/#\/schema\/logo\/image\/\"}}]}<\/script>\n<!-- \/ Yoast SEO plugin. -->","yoast_head_json":{"title":"Av\u00eds legal &#8226; Rostisseria Happy &#8226; El mejor pollo a l'ast de Girona","description":"Av\u00eds legal &#8226; Rostisseria Happy &#8226; Comida para llevar en Girona","robots":{"index":"index","follow":"follow","max-snippet":"max-snippet:-1","max-image-preview":"max-image-preview:large","max-video-preview":"max-video-preview:-1"},"canonical":"https:\/\/www.happygirona.com\/ca\/avis-legal\/","og_locale":"ca_ES","og_type":"article","og_title":"Av\u00eds legal &#8226; Rostisseria Happy &#8226; El mejor pollo a l'ast de Girona","og_description":"Av\u00eds legal &#8226; Rostisseria Happy &#8226; Comida para llevar en Girona","og_url":"https:\/\/www.happygirona.com\/ca\/avis-legal\/","og_site_name":"Rostisseria Happy","article_modified_time":"2020-03-10T10:05:10+00:00","twitter_card":"summary_large_image","twitter_misc":{"Temps estimat de lectura":"2 minuts"},"schema":{"@context":"https:\/\/schema.org","@graph":[{"@type":"WebPage","@id":"https:\/\/www.happygirona.com\/ca\/avis-legal\/","url":"https:\/\/www.happygirona.com\/ca\/avis-legal\/","name":"Av\u00eds legal &#8226; Rostisseria Happy &#8226; El mejor pollo a l'ast de Girona","isPartOf":{"@id":"https:\/\/www.happygirona.com\/ca\/#website"},"datePublished":"2020-03-10T08:04:20+00:00","dateModified":"2020-03-10T10:05:10+00:00","description":"Av\u00eds legal &#8226; Rostisseria Happy &#8226; Comida para llevar en Girona","breadcrumb":{"@id":"https:\/\/www.happygirona.com\/ca\/avis-legal\/#breadcrumb"},"inLanguage":"ca","potentialAction":[{"@type":"ReadAction","target":["https:\/\/www.happygirona.com\/ca\/avis-legal\/"]}]},{"@type":"BreadcrumbList","@id":"https:\/\/www.happygirona.com\/ca\/avis-legal\/#breadcrumb","itemListElement":[{"@type":"ListItem","position":1,"name":"Portada","item":"https:\/\/www.happygirona.com\/ca\/"},{"@type":"ListItem","position":2,"name":"Av\u00eds legal"}]},{"@type":"WebSite","@id":"https:\/\/www.happygirona.com\/ca\/#website","url":"https:\/\/www.happygirona.com\/ca\/","name":"Rostisseria Happy","description":"Comida para llevar en Girona","publisher":{"@id":"https:\/\/www.happygirona.com\/ca\/#organization"},"potentialAction":[{"@type":"SearchAction","target":{"@type":"EntryPoint","urlTemplate":"https:\/\/www.happygirona.com\/ca\/?s={search_term_string}"},"query-input":{"@type":"PropertyValueSpecification","valueRequired":true,"valueName":"search_term_string"}}],"inLanguage":"ca"},{"@type":"Organization","@id":"https:\/\/www.happygirona.com\/ca\/#organization","name":"Happy Girona","url":"https:\/\/www.happygirona.com\/ca\/","logo":{"@type":"ImageObject","inLanguage":"ca","@id":"https:\/\/www.happygirona.com\/ca\/#\/schema\/logo\/image\/","url":"https:\/\/www.happygirona.com\/wp-content\/uploads\/2021\/04\/logo.png","contentUrl":"https:\/\/www.happygirona.com\/wp-content\/uploads\/2021\/04\/logo.png","width":500,"height":500,"caption":"Happy Girona"},"image":{"@id":"https:\/\/www.happygirona.com\/ca\/#\/schema\/logo\/image\/"}}]}},"_links":{"self":[{"href":"https:\/\/www.happygirona.com\/ca\/wp-json\/wp\/v2\/pages\/24","targetHints":{"allow":["GET"]}}],"collection":[{"href":"https:\/\/www.happygirona.com\/ca\/wp-json\/wp\/v2\/pages"}],"about":[{"href":"https:\/\/www.happygirona.com\/ca\/wp-json\/wp\/v2\/types\/page"}],"author":[{"embeddable":true,"href":"https:\/\/www.happygirona.com\/ca\/wp-json\/wp\/v2\/users\/1"}],"replies":[{"embeddable":true,"href":"https:\/\/www.happygirona.com\/ca\/wp-json\/wp\/v2\/comments?post=24"}],"version-history":[{"count":2,"href":"https:\/\/www.happygirona.com\/ca\/wp-json\/wp\/v2\/pages\/24\/revisions"}],"predecessor-version":[{"id":69,"href":"https:\/\/www.happygirona.com\/ca\/wp-json\/wp\/v2\/pages\/24\/revisions\/69"}],"wp:attachment":[{"href":"https:\/\/www.happygirona.com\/ca\/wp-json\/wp\/v2\/media?parent=24"}],"curies":[{"name":"wp","href":"https:\/\/api.w.org\/{rel}","templated":true}]}}