{"id":204,"date":"2020-03-11T08:11:20","date_gmt":"2020-03-11T08:11:20","guid":{"rendered":"https:\/\/www.happygirona.com\/?page_id=204"},"modified":"2021-07-12T13:12:39","modified_gmt":"2021-07-12T13:12:39","slug":"sobre-nosaltres","status":"publish","type":"page","link":"https:\/\/www.happygirona.com\/ca\/sobre-nosaltres\/","title":{"rendered":"Sobre nosaltres"},"content":{"rendered":"<div id='av_section_1'  class='avia-section av-av_section-2dcda1862a94bb522b437cf4f29dd74d main_color avia-section-default avia-no-shadow  avia-builder-el-0  avia-builder-el-no-sibling  avia-bg-style-scroll container_wrap sidebar_right'  ><div class='container av-section-cont-open' ><main  role=\"main\" itemprop=\"mainContentOfPage\"  class='template-page content  av-content-small alpha units'><div class='post-entry post-entry-type-page post-entry-204'><div class='entry-content-wrapper clearfix'>\n\n<style type=\"text\/css\" data-created_by=\"avia_inline_auto\" id=\"style-css-av-av_heading-93e38feedb38c39ac862c6e1ff975374\">\n#top .av-special-heading.av-av_heading-93e38feedb38c39ac862c6e1ff975374{\npadding-bottom:10px;\n}\nbody .av-special-heading.av-av_heading-93e38feedb38c39ac862c6e1ff975374 .av-special-heading-tag .heading-char{\nfont-size:25px;\n}\n.av-special-heading.av-av_heading-93e38feedb38c39ac862c6e1ff975374 .av-subheading{\nfont-size:15px;\n}\n<\/style>\n<div  class='av-special-heading av-av_heading-93e38feedb38c39ac862c6e1ff975374 av-special-heading-h2  avia-builder-el-1  el_before_av_hr  avia-builder-el-first '><h2 class='av-special-heading-tag '  itemprop=\"headline\"  >Sobre nosaltres<\/h2><div class=\"special-heading-border\"><div class=\"special-heading-inner-border\"><\/div><\/div><\/div>\n\n<style type=\"text\/css\" data-created_by=\"avia_inline_auto\" id=\"style-css-av-av_hr-4474f20d2389e2e5ecf918a02da5132e\">\n#top .hr.hr-invisible.av-av_hr-4474f20d2389e2e5ecf918a02da5132e{\nheight:50px;\n}\n<\/style>\n<div  class='hr av-av_hr-4474f20d2389e2e5ecf918a02da5132e hr-invisible  avia-builder-el-2  el_after_av_heading  el_before_av_two_fifth '><span class='hr-inner '><span class=\"hr-inner-style\"><\/span><\/span><\/div>\n\n<style type=\"text\/css\" data-created_by=\"avia_inline_auto\" id=\"style-css-av-av_two_fifth-15d750bd1b332b34c6e70b077ebbccdf\">\n.flex_column.av-av_two_fifth-15d750bd1b332b34c6e70b077ebbccdf{\nborder-radius:0px 0px 0px 0px;\npadding:0px 0px 0px 0px;\n}\n<\/style>\n<div  class='flex_column av-av_two_fifth-15d750bd1b332b34c6e70b077ebbccdf av_two_fifth  avia-builder-el-3  el_after_av_hr  el_before_av_three_fifth  first flex_column_div av-zero-column-padding  '     ><p><section  class='av_textblock_section av-av_textblock-2de302bf1aa3cf4c9157dbe6f50ac7eb '   itemscope=\"itemscope\" itemtype=\"https:\/\/schema.org\/CreativeWork\" ><div class='avia_textblock'  itemprop=\"text\" ><p>Som una empresa de <strong>Girona<\/strong> especialitzada en <strong>tot tipus de menjars<\/strong> per emportar. Estem donant servei <strong>des de l&#8217;any 2000<\/strong>. Al llarg d&#8217;aquests anys de traject\u00f2ria comptem amb un gran nombre de clients i amics.<\/p>\n<p>El 2009 ens vam traslladar a un nou establiment molt m\u00e9s ampli per poder donar <strong>millors serveis<\/strong>.<\/p>\n<p>L&#8217;any 2013 vam obrir un segon establiment ubicat al C\/ de la Creu 35 de Girona.<\/p>\n<p>Tots els nostres productes estan elaborats amb <strong>mat\u00e8ries de primera qualitat<\/strong>, garantint mitjan\u00e7ant <strong>autocontrols sanitaris<\/strong> peri\u00f2dics, que aquest producte arribi a el consumidor amb les m\u00e0ximes garanties d&#8217;higiene sanit\u00e0ries.<\/p>\n<p>Els nostres menjars s\u00f3n de <strong>qualitat<\/strong> i aut\u00e8nticament <strong>casolans<\/strong> i, a m\u00e9s, estan elaborats nom\u00e9s amb oli pur d&#8217;oliva.<\/p>\n<p>Garantim que el <strong>pollastre a l&#8217;ast<\/strong> \u00e9s <strong>fet al dia<\/strong>.<\/p>\n<p>Us esperem a que proveu els nostres plats !!<\/p>\n<\/div><\/section><br \/>\n\n<style type=\"text\/css\" data-created_by=\"avia_inline_auto\" id=\"style-css-av-av_hr-4474f20d2389e2e5ecf918a02da5132e\">\n#top .hr.hr-invisible.av-av_hr-4474f20d2389e2e5ecf918a02da5132e{\nheight:50px;\n}\n<\/style>\n<div  class='hr av-av_hr-4474f20d2389e2e5ecf918a02da5132e hr-invisible  avia-builder-el-5  el_after_av_textblock  avia-builder-el-last '><span class='hr-inner '><span class=\"hr-inner-style\"><\/span><\/span><\/div><\/p><\/div>\n<style type=\"text\/css\" data-created_by=\"avia_inline_auto\" id=\"style-css-av-av_three_fifth-c8fc129dc35fd1ae2a1e410224d39ea8\">\n.flex_column.av-av_three_fifth-c8fc129dc35fd1ae2a1e410224d39ea8{\nborder-radius:0px 0px 0px 0px;\npadding:0px 0px 0px 0px;\n}\n<\/style>\n<div  class='flex_column av-av_three_fifth-c8fc129dc35fd1ae2a1e410224d39ea8 av_three_fifth  avia-builder-el-6  el_after_av_two_fifth  el_before_av_one_fourth  flex_column_div av-zero-column-padding  '     ><style type=\"text\/css\" data-created_by=\"avia_inline_auto\" id=\"style-css-av-av_image-0a4ec918931c62caf2bf83605dfc0618\">\n.avia-image-container.av-av_image-0a4ec918931c62caf2bf83605dfc0618 img.avia_image{\nbox-shadow:none;\n}\n.avia-image-container.av-av_image-0a4ec918931c62caf2bf83605dfc0618 .av-image-caption-overlay-center{\ncolor:#ffffff;\n}\n<\/style>\n<div  class='avia-image-container av-av_image-0a4ec918931c62caf2bf83605dfc0618 av-styling- avia-align-center  avia-builder-el-7  avia-builder-el-no-sibling '   itemprop=\"image\" itemscope=\"itemscope\" itemtype=\"https:\/\/schema.org\/ImageObject\" ><div class=\"avia-image-container-inner\"><div class=\"avia-image-overlay-wrap\"><img fetchpriority=\"high\" class='wp-image-107 avia-img-lazy-loading-not-107 avia_image ' src='https:\/\/www.happygirona.com\/wp-content\/uploads\/2020\/03\/487678-203883436425032-875089831-n.jpg' alt='' title=''  height=\"464\" width=\"920\"  itemprop=\"thumbnailUrl\"  \/><\/div><\/div><\/div><\/div>\n<style type=\"text\/css\" data-created_by=\"avia_inline_auto\" id=\"style-css-av-av_one_fourth-15d750bd1b332b34c6e70b077ebbccdf\">\n.flex_column.av-av_one_fourth-15d750bd1b332b34c6e70b077ebbccdf{\nborder-radius:0px 0px 0px 0px;\npadding:0px 0px 0px 0px;\n}\n<\/style>\n<div  class='flex_column av-av_one_fourth-15d750bd1b332b34c6e70b077ebbccdf av_one_fourth  avia-builder-el-8  el_after_av_three_fifth  el_before_av_one_fourth  first flex_column_div av-zero-column-padding  '     ><style type=\"text\/css\" data-created_by=\"avia_inline_auto\" id=\"style-css-av-av_image-b693cf42d28165954f0f65746851f8e8\">\n.avia-image-container.av-av_image-b693cf42d28165954f0f65746851f8e8 img.avia_image{\nbox-shadow:none;\n}\n.avia-image-container.av-av_image-b693cf42d28165954f0f65746851f8e8 .av-image-caption-overlay-center{\ncolor:#ffffff;\n}\n<\/style>\n<div  class='avia-image-container av-av_image-b693cf42d28165954f0f65746851f8e8 av-styling- avia-align-center  avia-builder-el-9  avia-builder-el-no-sibling '   itemprop=\"image\" itemscope=\"itemscope\" itemtype=\"https:\/\/schema.org\/ImageObject\" ><div class=\"avia-image-container-inner\"><div class=\"avia-image-overlay-wrap\"><img fetchpriority=\"high\" class='wp-image-105 avia-img-lazy-loading-not-105 avia_image ' src='https:\/\/www.happygirona.com\/wp-content\/uploads\/2020\/03\/dscf0048-5.jpg' alt='' title=''  height=\"192\" width=\"240\"  itemprop=\"thumbnailUrl\"  \/><\/div><\/div><\/div><\/div>\n<style type=\"text\/css\" data-created_by=\"avia_inline_auto\" id=\"style-css-av-av_one_fourth-c8fc129dc35fd1ae2a1e410224d39ea8\">\n.flex_column.av-av_one_fourth-c8fc129dc35fd1ae2a1e410224d39ea8{\nborder-radius:0px 0px 0px 0px;\npadding:0px 0px 0px 0px;\n}\n<\/style>\n<div  class='flex_column av-av_one_fourth-c8fc129dc35fd1ae2a1e410224d39ea8 av_one_fourth  avia-builder-el-10  el_after_av_one_fourth  el_before_av_one_fourth  flex_column_div av-zero-column-padding  '     ><style type=\"text\/css\" data-created_by=\"avia_inline_auto\" id=\"style-css-av-av_image-172f86f0cea2ddb72b6692eb8e6f0f91\">\n.avia-image-container.av-av_image-172f86f0cea2ddb72b6692eb8e6f0f91 img.avia_image{\nbox-shadow:none;\n}\n.avia-image-container.av-av_image-172f86f0cea2ddb72b6692eb8e6f0f91 .av-image-caption-overlay-center{\ncolor:#ffffff;\n}\n<\/style>\n<div  class='avia-image-container av-av_image-172f86f0cea2ddb72b6692eb8e6f0f91 av-styling- avia-align-center  avia-builder-el-11  avia-builder-el-no-sibling '   itemprop=\"image\" itemscope=\"itemscope\" itemtype=\"https:\/\/schema.org\/ImageObject\" ><div class=\"avia-image-container-inner\"><div class=\"avia-image-overlay-wrap\"><img fetchpriority=\"high\" class='wp-image-104 avia-img-lazy-loading-not-104 avia_image ' src='https:\/\/www.happygirona.com\/wp-content\/uploads\/2020\/03\/843022-203902793089763-559453730-o-4.jpg' alt='' title=''  height=\"192\" width=\"240\"  itemprop=\"thumbnailUrl\"  \/><\/div><\/div><\/div><\/div>\n<style type=\"text\/css\" data-created_by=\"avia_inline_auto\" id=\"style-css-av-av_one_fourth-c8fc129dc35fd1ae2a1e410224d39ea8\">\n.flex_column.av-av_one_fourth-c8fc129dc35fd1ae2a1e410224d39ea8{\nborder-radius:0px 0px 0px 0px;\npadding:0px 0px 0px 0px;\n}\n<\/style>\n<div  class='flex_column av-av_one_fourth-c8fc129dc35fd1ae2a1e410224d39ea8 av_one_fourth  avia-builder-el-12  el_after_av_one_fourth  el_before_av_one_fourth  flex_column_div av-zero-column-padding  '     ><style type=\"text\/css\" data-created_by=\"avia_inline_auto\" id=\"style-css-av-av_image-e81e0ec8ad87655013aa1baadc95b0dd\">\n.avia-image-container.av-av_image-e81e0ec8ad87655013aa1baadc95b0dd img.avia_image{\nbox-shadow:none;\n}\n.avia-image-container.av-av_image-e81e0ec8ad87655013aa1baadc95b0dd .av-image-caption-overlay-center{\ncolor:#ffffff;\n}\n<\/style>\n<div  class='avia-image-container av-av_image-e81e0ec8ad87655013aa1baadc95b0dd av-styling- avia-align-center  avia-builder-el-13  avia-builder-el-no-sibling '   itemprop=\"image\" itemscope=\"itemscope\" itemtype=\"https:\/\/schema.org\/ImageObject\" ><div class=\"avia-image-container-inner\"><div class=\"avia-image-overlay-wrap\"><img fetchpriority=\"high\" class='wp-image-82 avia-img-lazy-loading-not-82 avia_image ' src='https:\/\/www.happygirona.com\/wp-content\/uploads\/2020\/03\/820732-203903449756364-1069357236-o.jpg' alt='' title=''  height=\"192\" width=\"256\"  itemprop=\"thumbnailUrl\"  \/><\/div><\/div><\/div><\/div>\n<style type=\"text\/css\" data-created_by=\"avia_inline_auto\" id=\"style-css-av-av_one_fourth-c8fc129dc35fd1ae2a1e410224d39ea8\">\n.flex_column.av-av_one_fourth-c8fc129dc35fd1ae2a1e410224d39ea8{\nborder-radius:0px 0px 0px 0px;\npadding:0px 0px 0px 0px;\n}\n<\/style>\n<div  class='flex_column av-av_one_fourth-c8fc129dc35fd1ae2a1e410224d39ea8 av_one_fourth  avia-builder-el-14  el_after_av_one_fourth  avia-builder-el-last  flex_column_div av-zero-column-padding  '     ><style type=\"text\/css\" data-created_by=\"avia_inline_auto\" id=\"style-css-av-av_image-d8eab3bd70064df04d329d9a7e5660e4\">\n.avia-image-container.av-av_image-d8eab3bd70064df04d329d9a7e5660e4 img.avia_image{\nbox-shadow:none;\n}\n.avia-image-container.av-av_image-d8eab3bd70064df04d329d9a7e5660e4 .av-image-caption-overlay-center{\ncolor:#ffffff;\n}\n<\/style>\n<div  class='avia-image-container av-av_image-d8eab3bd70064df04d329d9a7e5660e4 av-styling- avia-align-center  avia-builder-el-15  avia-builder-el-no-sibling '   itemprop=\"image\" itemscope=\"itemscope\" itemtype=\"https:\/\/schema.org\/ImageObject\" ><div class=\"avia-image-container-inner\"><div class=\"avia-image-overlay-wrap\"><img fetchpriority=\"high\" class='wp-image-103 avia-img-lazy-loading-not-103 avia_image ' src='https:\/\/www.happygirona.com\/wp-content\/uploads\/2020\/03\/792208-203903363089706-1369978097-o-2.jpg' alt='' title=''  height=\"192\" width=\"240\"  itemprop=\"thumbnailUrl\"  \/><\/div><\/div><\/div><\/div><\/div><\/div><\/main><!-- close content main element --><\/div><\/div><div id='after_section_1'  class='main_color av_default_container_wrap container_wrap sidebar_right'  ><div class='container av-section-cont-open' ><div class='template-page content  av-content-small alpha units'><div class='post-entry post-entry-type-page post-entry-204'><div class='entry-content-wrapper clearfix'>\n","protected":false},"excerpt":{"rendered":"","protected":false},"author":1,"featured_media":0,"parent":0,"menu_order":0,"comment_status":"closed","ping_status":"closed","template":"","meta":{"footnotes":""},"class_list":["post-204","page","type-page","status-publish","hentry"],"yoast_head":"<!-- This site is optimized with the Yoast SEO plugin v27.2 - https:\/\/yoast.com\/product\/yoast-seo-wordpress\/ -->\n<title>Sobre nosaltres &#8226; Rostisseria Happy &#8226; El millor pollastre a l&#039;ast de Girona<\/title>\n<meta name=\"description\" content=\"Som Rostisseria Happy. Oferim tot tipus de menjar per emportar a Girona. Oblida&#039;t de cuinar i gaudeix del teu temps amb el nostre servei.\" \/>\n<meta name=\"robots\" content=\"index, follow, max-snippet:-1, max-image-preview:large, max-video-preview:-1\" \/>\n<link rel=\"canonical\" href=\"https:\/\/www.happygirona.com\/ca\/sobre-nosaltres\/\" \/>\n<meta property=\"og:locale\" content=\"ca_ES\" \/>\n<meta property=\"og:type\" content=\"article\" \/>\n<meta property=\"og:title\" content=\"Sobre nosaltres &#8226; Rostisseria Happy &#8226; El millor pollastre a l&#039;ast de Girona\" \/>\n<meta property=\"og:description\" content=\"Som Rostisseria Happy. Oferim tot tipus de menjar per emportar a Girona. Oblida&#039;t de cuinar i gaudeix del teu temps amb el nostre servei.\" \/>\n<meta property=\"og:url\" content=\"https:\/\/www.happygirona.com\/ca\/sobre-nosaltres\/\" \/>\n<meta property=\"og:site_name\" content=\"Rostisseria Happy\" \/>\n<meta property=\"article:modified_time\" content=\"2021-07-12T13:12:39+00:00\" \/>\n<meta name=\"twitter:card\" content=\"summary_large_image\" \/>\n<meta name=\"twitter:label1\" content=\"Temps estimat de lectura\" \/>\n\t<meta name=\"twitter:data1\" content=\"5 minuts\" \/>\n<script type=\"application\/ld+json\" class=\"yoast-schema-graph\">{\"@context\":\"https:\/\/schema.org\",\"@graph\":[{\"@type\":\"WebPage\",\"@id\":\"https:\/\/www.happygirona.com\/ca\/sobre-nosaltres\/\",\"url\":\"https:\/\/www.happygirona.com\/ca\/sobre-nosaltres\/\",\"name\":\"Sobre nosaltres &#8226; Rostisseria Happy &#8226; El millor pollastre a l'ast de Girona\",\"isPartOf\":{\"@id\":\"https:\/\/www.happygirona.com\/ca\/#website\"},\"datePublished\":\"2020-03-11T08:11:20+00:00\",\"dateModified\":\"2021-07-12T13:12:39+00:00\",\"description\":\"Som Rostisseria Happy. Oferim tot tipus de menjar per emportar a Girona. Oblida't de cuinar i gaudeix del teu temps amb el nostre servei.\",\"breadcrumb\":{\"@id\":\"https:\/\/www.happygirona.com\/ca\/sobre-nosaltres\/#breadcrumb\"},\"inLanguage\":\"ca\",\"potentialAction\":[{\"@type\":\"ReadAction\",\"target\":[\"https:\/\/www.happygirona.com\/ca\/sobre-nosaltres\/\"]}]},{\"@type\":\"BreadcrumbList\",\"@id\":\"https:\/\/www.happygirona.com\/ca\/sobre-nosaltres\/#breadcrumb\",\"itemListElement\":[{\"@type\":\"ListItem\",\"position\":1,\"name\":\"Portada\",\"item\":\"https:\/\/www.happygirona.com\/ca\/\"},{\"@type\":\"ListItem\",\"position\":2,\"name\":\"Sobre nosaltres\"}]},{\"@type\":\"WebSite\",\"@id\":\"https:\/\/www.happygirona.com\/ca\/#website\",\"url\":\"https:\/\/www.happygirona.com\/ca\/\",\"name\":\"Rostisseria Happy\",\"description\":\"Comida para llevar en Girona\",\"publisher\":{\"@id\":\"https:\/\/www.happygirona.com\/ca\/#organization\"},\"potentialAction\":[{\"@type\":\"SearchAction\",\"target\":{\"@type\":\"EntryPoint\",\"urlTemplate\":\"https:\/\/www.happygirona.com\/ca\/?s={search_term_string}\"},\"query-input\":{\"@type\":\"PropertyValueSpecification\",\"valueRequired\":true,\"valueName\":\"search_term_string\"}}],\"inLanguage\":\"ca\"},{\"@type\":\"Organization\",\"@id\":\"https:\/\/www.happygirona.com\/ca\/#organization\",\"name\":\"Happy Girona\",\"url\":\"https:\/\/www.happygirona.com\/ca\/\",\"logo\":{\"@type\":\"ImageObject\",\"inLanguage\":\"ca\",\"@id\":\"https:\/\/www.happygirona.com\/ca\/#\/schema\/logo\/image\/\",\"url\":\"https:\/\/www.happygirona.com\/wp-content\/uploads\/2021\/04\/logo.png\",\"contentUrl\":\"https:\/\/www.happygirona.com\/wp-content\/uploads\/2021\/04\/logo.png\",\"width\":500,\"height\":500,\"caption\":\"Happy Girona\"},\"image\":{\"@id\":\"https:\/\/www.happygirona.com\/ca\/#\/schema\/logo\/image\/\"}}]}<\/script>\n<!-- \/ Yoast SEO plugin. -->","yoast_head_json":{"title":"Sobre nosaltres &#8226; Rostisseria Happy &#8226; El millor pollastre a l'ast de Girona","description":"Som Rostisseria Happy. Oferim tot tipus de menjar per emportar a Girona. Oblida't de cuinar i gaudeix del teu temps amb el nostre servei.","robots":{"index":"index","follow":"follow","max-snippet":"max-snippet:-1","max-image-preview":"max-image-preview:large","max-video-preview":"max-video-preview:-1"},"canonical":"https:\/\/www.happygirona.com\/ca\/sobre-nosaltres\/","og_locale":"ca_ES","og_type":"article","og_title":"Sobre nosaltres &#8226; Rostisseria Happy &#8226; El millor pollastre a l'ast de Girona","og_description":"Som Rostisseria Happy. Oferim tot tipus de menjar per emportar a Girona. Oblida't de cuinar i gaudeix del teu temps amb el nostre servei.","og_url":"https:\/\/www.happygirona.com\/ca\/sobre-nosaltres\/","og_site_name":"Rostisseria Happy","article_modified_time":"2021-07-12T13:12:39+00:00","twitter_card":"summary_large_image","twitter_misc":{"Temps estimat de lectura":"5 minuts"},"schema":{"@context":"https:\/\/schema.org","@graph":[{"@type":"WebPage","@id":"https:\/\/www.happygirona.com\/ca\/sobre-nosaltres\/","url":"https:\/\/www.happygirona.com\/ca\/sobre-nosaltres\/","name":"Sobre nosaltres &#8226; Rostisseria Happy &#8226; El millor pollastre a l'ast de Girona","isPartOf":{"@id":"https:\/\/www.happygirona.com\/ca\/#website"},"datePublished":"2020-03-11T08:11:20+00:00","dateModified":"2021-07-12T13:12:39+00:00","description":"Som Rostisseria Happy. Oferim tot tipus de menjar per emportar a Girona. Oblida't de cuinar i gaudeix del teu temps amb el nostre servei.","breadcrumb":{"@id":"https:\/\/www.happygirona.com\/ca\/sobre-nosaltres\/#breadcrumb"},"inLanguage":"ca","potentialAction":[{"@type":"ReadAction","target":["https:\/\/www.happygirona.com\/ca\/sobre-nosaltres\/"]}]},{"@type":"BreadcrumbList","@id":"https:\/\/www.happygirona.com\/ca\/sobre-nosaltres\/#breadcrumb","itemListElement":[{"@type":"ListItem","position":1,"name":"Portada","item":"https:\/\/www.happygirona.com\/ca\/"},{"@type":"ListItem","position":2,"name":"Sobre nosaltres"}]},{"@type":"WebSite","@id":"https:\/\/www.happygirona.com\/ca\/#website","url":"https:\/\/www.happygirona.com\/ca\/","name":"Rostisseria Happy","description":"Comida para llevar en Girona","publisher":{"@id":"https:\/\/www.happygirona.com\/ca\/#organization"},"potentialAction":[{"@type":"SearchAction","target":{"@type":"EntryPoint","urlTemplate":"https:\/\/www.happygirona.com\/ca\/?s={search_term_string}"},"query-input":{"@type":"PropertyValueSpecification","valueRequired":true,"valueName":"search_term_string"}}],"inLanguage":"ca"},{"@type":"Organization","@id":"https:\/\/www.happygirona.com\/ca\/#organization","name":"Happy Girona","url":"https:\/\/www.happygirona.com\/ca\/","logo":{"@type":"ImageObject","inLanguage":"ca","@id":"https:\/\/www.happygirona.com\/ca\/#\/schema\/logo\/image\/","url":"https:\/\/www.happygirona.com\/wp-content\/uploads\/2021\/04\/logo.png","contentUrl":"https:\/\/www.happygirona.com\/wp-content\/uploads\/2021\/04\/logo.png","width":500,"height":500,"caption":"Happy Girona"},"image":{"@id":"https:\/\/www.happygirona.com\/ca\/#\/schema\/logo\/image\/"}}]}},"_links":{"self":[{"href":"https:\/\/www.happygirona.com\/ca\/wp-json\/wp\/v2\/pages\/204","targetHints":{"allow":["GET"]}}],"collection":[{"href":"https:\/\/www.happygirona.com\/ca\/wp-json\/wp\/v2\/pages"}],"about":[{"href":"https:\/\/www.happygirona.com\/ca\/wp-json\/wp\/v2\/types\/page"}],"author":[{"embeddable":true,"href":"https:\/\/www.happygirona.com\/ca\/wp-json\/wp\/v2\/users\/1"}],"replies":[{"embeddable":true,"href":"https:\/\/www.happygirona.com\/ca\/wp-json\/wp\/v2\/comments?post=204"}],"version-history":[{"count":2,"href":"https:\/\/www.happygirona.com\/ca\/wp-json\/wp\/v2\/pages\/204\/revisions"}],"predecessor-version":[{"id":482,"href":"https:\/\/www.happygirona.com\/ca\/wp-json\/wp\/v2\/pages\/204\/revisions\/482"}],"wp:attachment":[{"href":"https:\/\/www.happygirona.com\/ca\/wp-json\/wp\/v2\/media?parent=204"}],"curies":[{"name":"wp","href":"https:\/\/api.w.org\/{rel}","templated":true}]}}